{"id":80,"date":"2018-04-12T11:12:24","date_gmt":"2018-04-12T11:12:24","guid":{"rendered":"http:\/\/localhost\/Osteofuengirola\/wordpress\/?page_id=80"},"modified":"2026-04-10T07:05:13","modified_gmt":"2026-04-10T07:05:13","slug":"acupuntura","status":"publish","type":"page","link":"https:\/\/www.osteofuengirola.pro\/en\/acupuntura\/","title":{"rendered":"Acupuncture"},"content":{"rendered":"<section  class='av_textblock_section av-jnzxu6gb-6725b51fea461d26e258a1320fec93e0'   itemscope=\"itemscope\" itemtype=\"https:\/\/schema.org\/CreativeWork\" ><div class='avia_textblock'  itemprop=\"text\" ><h1 style=\"text-align: center;\"><strong>ACUPUNTURA<\/strong><\/h1>\n<\/div><\/section>\n\n<style type=\"text\/css\" data-created_by=\"avia_inline_auto\" id=\"style-css-av-4ia44-41d0dcbb3c3ad4da1f51428abefe748f\">\n.flex_column.av-4ia44-41d0dcbb3c3ad4da1f51428abefe748f{\nborder-radius:0px 0px 0px 0px;\npadding:0px 0px 0px 0px;\n}\n<\/style>\n<div  class='flex_column av-4ia44-41d0dcbb3c3ad4da1f51428abefe748f av_one_half  avia-builder-el-1  el_after_av_textblock  el_before_av_one_half  first flex_column_div av-zero-column-padding  column-top-margin'     ><section  class='av_textblock_section av-jnzxultv-307a841032bab90235434c7f4b49fb3a'   itemscope=\"itemscope\" itemtype=\"https:\/\/schema.org\/CreativeWork\" ><div class='avia_textblock'  itemprop=\"text\" ><p>La acupuntura es una t\u00e9cnica terap\u00e9utica milenaria de la medicina tradicional china que consiste en la estimulaci\u00f3n de puntos espec\u00edficos del cuerpo mediante finas agujas est\u00e9riles, as\u00ed como otras t\u00e9cnicas complementarias como la moxibusti\u00f3n.<\/p>\n<p>Estos puntos se localizan en \u00e1reas concretas de la superficie corporal que, seg\u00fan la tradici\u00f3n y diversos estudios modernos, est\u00e1n relacionadas con la regulaci\u00f3n del sistema nervioso, la circulaci\u00f3n energ\u00e9tica y la funci\u00f3n fisiol\u00f3gica del organismo.<\/p>\n<p>En OsteoFuengirola, utilizamos la acupuntura como una herramienta terap\u00e9utica integrativa dentro de un enfoque global de la salud, ayudando al cuerpo a recuperar su equilibrio natural.<\/p>\n<\/div><\/section><\/div>\n\n<style type=\"text\/css\" data-created_by=\"avia_inline_auto\" id=\"style-css-av-3tvy8-867527139f9c71ec91076709b485d959\">\n.flex_column.av-3tvy8-867527139f9c71ec91076709b485d959{\nborder-radius:0px 0px 0px 0px;\npadding:0px 0px 0px 0px;\n}\n<\/style>\n<div  class='flex_column av-3tvy8-867527139f9c71ec91076709b485d959 av_one_half  avia-builder-el-3  el_after_av_one_half  el_before_av_textblock  flex_column_div av-zero-column-padding  column-top-margin'     ><div  class='avia-slideshow av-jnzxtqsm-f44aa33d987f27b32567488b4f99a965 avia-slideshow-no scaling av_slideshow avia-slide-slider  avia-builder-el-4  avia-builder-el-no-sibling  av-slideshow-ui av-control-default av-slideshow-autoplay av-loop-endless av-loop-manual-endless av-default-height-applied avia-slideshow-1' data-slideshow-options=\"{&quot;animation&quot;:&quot;slide&quot;,&quot;autoplay&quot;:true,&quot;loop_autoplay&quot;:&quot;endless&quot;,&quot;interval&quot;:5,&quot;loop_manual&quot;:&quot;manual-endless&quot;,&quot;autoplay_stopper&quot;:false,&quot;noNavigation&quot;:false,&quot;bg_slider&quot;:false,&quot;keep_padding&quot;:false,&quot;hoverpause&quot;:false,&quot;show_slide_delay&quot;:0}\"  itemprop=\"image\" itemscope=\"itemscope\" itemtype=\"https:\/\/schema.org\/ImageObject\" ><ul class='avia-slideshow-inner' style='padding-bottom: 56.666666666667%;'><li  class='avia-slideshow-slide av-jnzxtqsm-f44aa33d987f27b32567488b4f99a965__0  slide-1 slide-odd'><div data-rel='slideshow-1' class='avia-slide-wrap'   ><img decoding=\"async\" fetchpriority=\"high\" class=\"wp-image-577 avia-img-lazy-loading-not-577\"  src=\"https:\/\/www.osteofuengirola.pro\/wp-content\/uploads\/2018\/11\/ACUPUNTURA-PARA-CONTRACTURA-1.jpg\" width=\"750\" height=\"425\" title='ACUPUNTURA PARA CONTRACTURA' alt=''  itemprop=\"thumbnailUrl\" srcset=\"https:\/\/www.osteofuengirola.pro\/wp-content\/uploads\/2018\/11\/ACUPUNTURA-PARA-CONTRACTURA-1.jpg 750w, https:\/\/www.osteofuengirola.pro\/wp-content\/uploads\/2018\/11\/ACUPUNTURA-PARA-CONTRACTURA-1-300x170.jpg 300w, https:\/\/www.osteofuengirola.pro\/wp-content\/uploads\/2018\/11\/ACUPUNTURA-PARA-CONTRACTURA-1-705x400.jpg 705w, https:\/\/www.osteofuengirola.pro\/wp-content\/uploads\/2018\/11\/ACUPUNTURA-PARA-CONTRACTURA-1-450x255.jpg 450w\" sizes=\"(max-width: 750px) 100vw, 750px\" \/><\/div><\/li><li  class='avia-slideshow-slide av-jnzxtqsm-f44aa33d987f27b32567488b4f99a965__1  slide-2 slide-even'><div data-rel='slideshow-1' class='avia-slide-wrap'   ><img decoding=\"async\" fetchpriority=\"high\" class=\"wp-image-578 avia-img-lazy-loading-not-578\"  src=\"https:\/\/www.osteofuengirola.pro\/wp-content\/uploads\/2018\/11\/IMG_9930-1.jpg\" width=\"750\" height=\"433\" title='IMG_9930' alt=''  itemprop=\"thumbnailUrl\" srcset=\"https:\/\/www.osteofuengirola.pro\/wp-content\/uploads\/2018\/11\/IMG_9930-1.jpg 750w, https:\/\/www.osteofuengirola.pro\/wp-content\/uploads\/2018\/11\/IMG_9930-1-300x173.jpg 300w, https:\/\/www.osteofuengirola.pro\/wp-content\/uploads\/2018\/11\/IMG_9930-1-705x407.jpg 705w, https:\/\/www.osteofuengirola.pro\/wp-content\/uploads\/2018\/11\/IMG_9930-1-450x260.jpg 450w\" sizes=\"(max-width: 750px) 100vw, 750px\" \/><\/div><\/li><li  class='avia-slideshow-slide av-jnzxtqsm-f44aa33d987f27b32567488b4f99a965__2  slide-3 slide-odd'><div data-rel='slideshow-1' class='avia-slide-wrap'   ><img decoding=\"async\" fetchpriority=\"high\" class=\"wp-image-579 avia-img-lazy-loading-not-579\"  src=\"https:\/\/www.osteofuengirola.pro\/wp-content\/uploads\/2018\/11\/IMG_9216.jpg\" width=\"1280\" height=\"720\" title='IMG_9216' alt=''  itemprop=\"thumbnailUrl\" srcset=\"https:\/\/www.osteofuengirola.pro\/wp-content\/uploads\/2018\/11\/IMG_9216.jpg 1280w, https:\/\/www.osteofuengirola.pro\/wp-content\/uploads\/2018\/11\/IMG_9216-300x169.jpg 300w, https:\/\/www.osteofuengirola.pro\/wp-content\/uploads\/2018\/11\/IMG_9216-768x432.jpg 768w, https:\/\/www.osteofuengirola.pro\/wp-content\/uploads\/2018\/11\/IMG_9216-1030x579.jpg 1030w, https:\/\/www.osteofuengirola.pro\/wp-content\/uploads\/2018\/11\/IMG_9216-705x397.jpg 705w, https:\/\/www.osteofuengirola.pro\/wp-content\/uploads\/2018\/11\/IMG_9216-450x253.jpg 450w\" sizes=\"(max-width: 1280px) 100vw, 1280px\" \/><\/div><\/li><li  class='avia-slideshow-slide av-jnzxtqsm-f44aa33d987f27b32567488b4f99a965__3  slide-4 slide-even'><div data-rel='slideshow-1' class='avia-slide-wrap'   ><img decoding=\"async\" fetchpriority=\"high\" class=\"wp-image-580 avia-img-lazy-loading-not-580\"  src=\"https:\/\/www.osteofuengirola.pro\/wp-content\/uploads\/2018\/11\/IMG_9215.jpg\" width=\"4032\" height=\"3024\" title='IMG_9215' alt=''  itemprop=\"thumbnailUrl\" srcset=\"https:\/\/www.osteofuengirola.pro\/wp-content\/uploads\/2018\/11\/IMG_9215.jpg 4032w, https:\/\/www.osteofuengirola.pro\/wp-content\/uploads\/2018\/11\/IMG_9215-300x225.jpg 300w, https:\/\/www.osteofuengirola.pro\/wp-content\/uploads\/2018\/11\/IMG_9215-768x576.jpg 768w, https:\/\/www.osteofuengirola.pro\/wp-content\/uploads\/2018\/11\/IMG_9215-1030x773.jpg 1030w, https:\/\/www.osteofuengirola.pro\/wp-content\/uploads\/2018\/11\/IMG_9215-1500x1125.jpg 1500w, https:\/\/www.osteofuengirola.pro\/wp-content\/uploads\/2018\/11\/IMG_9215-705x529.jpg 705w, https:\/\/www.osteofuengirola.pro\/wp-content\/uploads\/2018\/11\/IMG_9215-450x338.jpg 450w\" sizes=\"(max-width: 4032px) 100vw, 4032px\" \/><\/div><\/li><li  class='avia-slideshow-slide av-jnzxtqsm-f44aa33d987f27b32567488b4f99a965__4  slide-5 slide-odd'><div data-rel='slideshow-1' class='avia-slide-wrap'   ><img decoding=\"async\" fetchpriority=\"high\" class=\"wp-image-581 avia-img-lazy-loading-not-581\"  src=\"https:\/\/www.osteofuengirola.pro\/wp-content\/uploads\/2018\/11\/IMG_9214.jpg\" width=\"4032\" height=\"3024\" title='IMG_9214' alt=''  itemprop=\"thumbnailUrl\" srcset=\"https:\/\/www.osteofuengirola.pro\/wp-content\/uploads\/2018\/11\/IMG_9214.jpg 4032w, https:\/\/www.osteofuengirola.pro\/wp-content\/uploads\/2018\/11\/IMG_9214-300x225.jpg 300w, https:\/\/www.osteofuengirola.pro\/wp-content\/uploads\/2018\/11\/IMG_9214-768x576.jpg 768w, https:\/\/www.osteofuengirola.pro\/wp-content\/uploads\/2018\/11\/IMG_9214-1030x773.jpg 1030w, https:\/\/www.osteofuengirola.pro\/wp-content\/uploads\/2018\/11\/IMG_9214-1500x1125.jpg 1500w, https:\/\/www.osteofuengirola.pro\/wp-content\/uploads\/2018\/11\/IMG_9214-705x529.jpg 705w, https:\/\/www.osteofuengirola.pro\/wp-content\/uploads\/2018\/11\/IMG_9214-450x338.jpg 450w\" sizes=\"(max-width: 4032px) 100vw, 4032px\" \/><\/div><\/li><\/ul><div class='avia-slideshow-arrows avia-slideshow-controls' ><a href='#prev' class='prev-slide' aria-hidden='true' data-av_icon='\ue87c' data-av_iconfont='entypo-fontello'  tabindex='-1'>Previous<\/a><a href='#next' class='next-slide' aria-hidden='true' data-av_icon='\ue87d' data-av_iconfont='entypo-fontello'  tabindex='-1'>Next<\/a><\/div><div class='avia-slideshow-dots avia-slideshow-controls'><a href='#1' class='goto-slide active' >1<\/a><a href='#2' class='goto-slide' >2<\/a><a href='#3' class='goto-slide' >3<\/a><a href='#4' class='goto-slide' >4<\/a><a href='#5' class='goto-slide' >5<\/a><\/div><\/div><\/div>\n<section  class='av_textblock_section av-jnzxultv-1-e4b340d0f795eacbad76a069731b3a4a'   itemscope=\"itemscope\" itemtype=\"https:\/\/schema.org\/CreativeWork\" ><div class='avia_textblock'  itemprop=\"text\" ><h2 data-start=\"899\" data-end=\"929\">BENEFICIOS DE LA ACUPUNTURA<\/h2>\n<p data-start=\"931\" data-end=\"1095\">La acupuntura es ampliamente utilizada como tratamiento complementario para m\u00faltiples disfunciones f\u00edsicas y emocionales. Entre sus principales beneficios destacan:<\/p>\n<h3 data-start=\"1097\" data-end=\"1141\">\ud83d\udc86\u200d\u2642\ufe0f Dolor cr\u00f3nico y musculoesquel\u00e9tico<\/h3>\n<p data-start=\"1142\" data-end=\"1219\">La acupuntura es especialmente eficaz en el abordaje del dolor cr\u00f3nico, como:<\/p>\n<ul data-start=\"1220\" data-end=\"1306\">\n<li data-start=\"1220\" data-end=\"1238\">Dolor de espalda<\/li>\n<li data-start=\"1239\" data-end=\"1255\">Dolor cervical<\/li>\n<li data-start=\"1256\" data-end=\"1281\">Contracturas musculares<\/li>\n<li data-start=\"1282\" data-end=\"1306\">Artrosis y sobrecargas<\/li>\n<\/ul>\n<p data-start=\"1308\" data-end=\"1425\">Ayuda a modular la percepci\u00f3n del dolor y estimula la liberaci\u00f3n de endorfinas, los analg\u00e9sicos naturales del cuerpo.<\/p>\n<hr data-start=\"1427\" data-end=\"1430\" \/>\n<h3 data-start=\"1432\" data-end=\"1474\">\ud83e\udde0 Estr\u00e9s, ansiedad y estado emocional<\/h3>\n<p data-start=\"1475\" data-end=\"1505\">Este tratamiento contribuye a:<\/p>\n<ul data-start=\"1506\" data-end=\"1631\">\n<li data-start=\"1506\" data-end=\"1539\">Reducir el estr\u00e9s y la ansiedad<\/li>\n<li data-start=\"1540\" data-end=\"1584\">Mejorar el descanso y la calidad del sue\u00f1o<\/li>\n<li data-start=\"1585\" data-end=\"1631\">Favorecer el equilibrio del sistema nervioso<\/li>\n<\/ul>\n<p data-start=\"1633\" data-end=\"1752\">La acupuntura act\u00faa regulando la respuesta del sistema nervioso aut\u00f3nomo, promoviendo un estado de relajaci\u00f3n profunda.<\/p>\n<hr data-start=\"1754\" data-end=\"1757\" \/>\n<h3 data-start=\"1759\" data-end=\"1793\">\ud83c\udf38 Fertilidad y salud hormonal<\/h3>\n<p data-start=\"1794\" data-end=\"1891\">La acupuntura puede ser un apoyo en procesos de fertilidad y regulaci\u00f3n hormonal, ya que ayuda a:<\/p>\n<ul data-start=\"1892\" data-end=\"2084\">\n<li data-start=\"1892\" data-end=\"1938\">Reducir el estr\u00e9s asociado a la infertilidad<\/li>\n<li data-start=\"1939\" data-end=\"1982\">Mejorar la circulaci\u00f3n en la zona p\u00e9lvica<\/li>\n<li data-start=\"1983\" data-end=\"2028\">Favorecer la regulaci\u00f3n del ciclo menstrual<\/li>\n<li data-start=\"2029\" data-end=\"2084\">Apoyar casos de s\u00edndrome de ovario poliqu\u00edstico (SOP)<\/li>\n<\/ul>\n<p data-start=\"2086\" data-end=\"2172\">Es una terapia complementaria que puede integrarse en procesos de fertilidad asistida.<\/p>\n<hr data-start=\"2174\" data-end=\"2177\" \/>\n<h3 data-start=\"2179\" data-end=\"2215\">\ud83e\udd30 Embarazo y bienestar femenino<\/h3>\n<p data-start=\"2216\" data-end=\"2231\">Puede ayudar a:<\/p>\n<ul data-start=\"2232\" data-end=\"2347\">\n<li data-start=\"2232\" data-end=\"2274\">Mejorar la digesti\u00f3n y reducir la acidez<\/li>\n<li data-start=\"2275\" data-end=\"2294\">Disminuir n\u00e1useas<\/li>\n<li data-start=\"2295\" data-end=\"2347\">Favorecer el bienestar general durante el embarazo<\/li>\n<\/ul>\n<hr data-start=\"2349\" data-end=\"2352\" \/>\n<h3 data-start=\"2354\" data-end=\"2390\">\ud83e\uddec Apoyo en tratamientos m\u00e9dicos<\/h3>\n<p data-start=\"2391\" data-end=\"2536\">La acupuntura se utiliza como terapia complementaria en pacientes que reciben tratamientos m\u00e9dicos como radioterapia o quimioterapia, ayudando a:<\/p>\n<ul data-start=\"2537\" data-end=\"2669\">\n<li data-start=\"2537\" data-end=\"2554\">Reducir n\u00e1useas<\/li>\n<li data-start=\"2555\" data-end=\"2587\">Mejorar la sensaci\u00f3n de fatiga<\/li>\n<li data-start=\"2588\" data-end=\"2617\">Disminuir la sequedad bucal<\/li>\n<li data-start=\"2618\" data-end=\"2669\">Mejorar la calidad de vida durante el tratamiento<\/li>\n<\/ul>\n<blockquote data-start=\"2671\" data-end=\"2799\">\n<p data-start=\"2673\" data-end=\"2799\">La acupuntura no sustituye el tratamiento m\u00e9dico, pero puede ser un gran apoyo para mejorar el bienestar general del paciente.<\/p>\n<\/blockquote>\n<hr data-start=\"2801\" data-end=\"2804\" \/>\n<h3 data-start=\"2806\" data-end=\"2832\">\ud83e\udd15 Cefaleas y migra\u00f1as<\/h3>\n<p data-start=\"2833\" data-end=\"2889\">La acupuntura ha demostrado ser \u00fatil en la reducci\u00f3n de:<\/p>\n<ul data-start=\"2890\" data-end=\"2955\">\n<li data-start=\"2890\" data-end=\"2900\">Migra\u00f1as<\/li>\n<li data-start=\"2901\" data-end=\"2923\">Cefaleas tensionales<\/li>\n<li data-start=\"2924\" data-end=\"2955\">Dolores de cabeza recurrentes<\/li>\n<\/ul>\n<p data-start=\"2957\" data-end=\"3092\">Muchos pacientes experimentan una disminuci\u00f3n significativa en la frecuencia e intensidad de los episodios tras tratamientos regulares.<\/p>\n<hr data-start=\"3094\" data-end=\"3097\" \/>\n<h2 data-start=\"3099\" data-end=\"3143\">UN ENFOQUE INTEGRATIVO EN OSTEOFUENGIROLA<\/h2>\n<p data-start=\"3145\" data-end=\"3364\">En <strong data-start=\"3148\" data-end=\"3167\">OsteoFuengirola<\/strong>, entendemos la acupuntura como parte de un enfoque global de la salud, donde el objetivo no es solo aliviar s\u00edntomas, sino mejorar la funcionalidad del organismo y la calidad de vida del paciente.<\/p>\n<p data-start=\"3366\" data-end=\"3454\">Cada tratamiento se adapta de forma personalizada seg\u00fan las necesidades de cada persona.<\/p>\n<\/div><\/section>\n<form action=\"https:\/\/www.osteofuengirola.pro\/en\/acupuntura\/\" method=\"post\" data-fields-with-error=\"Found errors in the following field(s):\" class=\"avia_ajax_form av-form-labels-visible   avia-builder-el-6  el_after_av_textblock  avia-builder-el-last\" data-avia-form-id=\"1\" data-avia-redirect='' data-trp-original-action=\"https:\/\/www.osteofuengirola.pro\/en\/acupuntura\/\" ><h3 class=''>Contact us<\/h3><fieldset><p class='first_form  form_element form_fullwidth' id='element_avia_1_1'><label for=\"avia_1_1\">Name <abbr class=\"required\" title=\"required\">*<\/abbr><\/label> <input name=\"avia_1_1\" class=\"text_input is_empty\" type=\"text\" id=\"avia_1_1\" value=\"\" \/><\/p><p class='first_form  form_element form_fullwidth' id='element_avia_2_1'><label for=\"avia_2_1\">Telephone <abbr class=\"required\" title=\"required\">*<\/abbr><\/label> <input name=\"avia_2_1\" class=\"text_input is_empty\" type=\"text\" id=\"avia_2_1\" value=\"\" \/><\/p><p class='first_form  form_element form_fullwidth' id='element_avia_3_1'><label for=\"avia_3_1\">Email <abbr class=\"required\" title=\"required\">*<\/abbr><\/label> <input name=\"avia_3_1\" class=\"text_input is_email\" type=\"text\" id=\"avia_3_1\" value=\"\" \/><\/p><p class='first_form  form_element form_fullwidth' id='element_avia_4_1'><label for=\"avia_4_1\">Subject <abbr class=\"required\" title=\"required\">*<\/abbr><\/label> <input name=\"avia_4_1\" class=\"text_input is_empty\" type=\"text\" id=\"avia_4_1\" value=\"\" \/><\/p><p class='first_form  form_element form_fullwidth av-last-visible-form-element' id='element_avia_5_1'><label for=\"avia_5_1\" class=\"textare_label hidden textare_label_avia_5_1\">Message <abbr class=\"required\" title=\"required\">*<\/abbr><\/label><textarea  name=\"avia_5_1\" class=\"text_area is_empty\" cols=\"40\" rows=\"7\" id=\"avia_5_1\" ><\/textarea><\/p><p class=\"hidden\"><input type=\"text\" name=\"avia_6_1\" class=\"hidden\" id=\"avia_6_1\" value=\"\" \/><\/p><p class=\"form_element\"><input type=\"hidden\" value=\"1\" name=\"avia_generated_form1\" \/><input type=\"submit\" value=\"Send\" class=\"button\"  data-sending-label=\"Sending\"\/><\/p><\/fieldset><input type=\"hidden\" name=\"trp-form-language\" value=\"en\"\/><\/form><div id=\"ajaxresponse_1\" class=\"ajaxresponse ajaxresponse_1 hidden\"><\/div>","protected":false},"excerpt":{"rendered":"","protected":false},"author":2,"featured_media":297,"parent":0,"menu_order":0,"comment_status":"closed","ping_status":"closed","template":"","meta":{"footnotes":""},"class_list":["post-80","page","type-page","status-publish","has-post-thumbnail","hentry"],"yoast_head":"<!-- This site is optimized with the Yoast SEO plugin v27.3 - https:\/\/yoast.com\/product\/yoast-seo-wordpress\/ -->\n<title>Acupuntura - Osteofuengirola<\/title>\n<meta name=\"robots\" content=\"index, follow, max-snippet:-1, max-image-preview:large, max-video-preview:-1\" \/>\n<link rel=\"canonical\" href=\"https:\/\/www.osteofuengirola.pro\/en\/acupuntura\/\" \/>\n<meta property=\"og:locale\" content=\"en_GB\" \/>\n<meta property=\"og:type\" content=\"article\" \/>\n<meta property=\"og:title\" content=\"Acupuntura - Osteofuengirola\" \/>\n<meta property=\"og:url\" content=\"https:\/\/www.osteofuengirola.pro\/en\/acupuntura\/\" \/>\n<meta property=\"og:site_name\" content=\"Osteofuengirola\" \/>\n<meta property=\"article:publisher\" content=\"https:\/\/www.facebook.com\/OsteoFuengirola\/\" \/>\n<meta property=\"article:modified_time\" content=\"2026-04-10T07:05:13+00:00\" \/>\n<meta name=\"twitter:card\" content=\"summary_large_image\" \/>\n<meta name=\"twitter:label1\" content=\"Est. reading time\" \/>\n\t<meta name=\"twitter:data1\" content=\"4 minutes\" \/>\n<script type=\"application\/ld+json\" class=\"yoast-schema-graph\">{\"@context\":\"https:\\\/\\\/schema.org\",\"@graph\":[{\"@type\":\"WebPage\",\"@id\":\"https:\\\/\\\/www.osteofuengirola.pro\\\/acupuntura\\\/\",\"url\":\"https:\\\/\\\/www.osteofuengirola.pro\\\/acupuntura\\\/\",\"name\":\"Acupuntura - Osteofuengirola\",\"isPartOf\":{\"@id\":\"https:\\\/\\\/www.osteofuengirola.pro\\\/#website\"},\"primaryImageOfPage\":{\"@id\":\"https:\\\/\\\/www.osteofuengirola.pro\\\/acupuntura\\\/#primaryimage\"},\"image\":{\"@id\":\"https:\\\/\\\/www.osteofuengirola.pro\\\/acupuntura\\\/#primaryimage\"},\"thumbnailUrl\":\"\",\"datePublished\":\"2018-04-12T11:12:24+00:00\",\"dateModified\":\"2026-04-10T07:05:13+00:00\",\"breadcrumb\":{\"@id\":\"https:\\\/\\\/www.osteofuengirola.pro\\\/acupuntura\\\/#breadcrumb\"},\"inLanguage\":\"en-GB\",\"potentialAction\":[{\"@type\":\"ReadAction\",\"target\":[\"https:\\\/\\\/www.osteofuengirola.pro\\\/acupuntura\\\/\"]}]},{\"@type\":\"ImageObject\",\"inLanguage\":\"en-GB\",\"@id\":\"https:\\\/\\\/www.osteofuengirola.pro\\\/acupuntura\\\/#primaryimage\",\"url\":\"\",\"contentUrl\":\"\"},{\"@type\":\"BreadcrumbList\",\"@id\":\"https:\\\/\\\/www.osteofuengirola.pro\\\/acupuntura\\\/#breadcrumb\",\"itemListElement\":[{\"@type\":\"ListItem\",\"position\":1,\"name\":\"Home\",\"item\":\"https:\\\/\\\/www.osteofuengirola.pro\\\/\"},{\"@type\":\"ListItem\",\"position\":2,\"name\":\"Acupuntura\"}]},{\"@type\":\"WebSite\",\"@id\":\"https:\\\/\\\/www.osteofuengirola.pro\\\/#website\",\"url\":\"https:\\\/\\\/www.osteofuengirola.pro\\\/\",\"name\":\"Osteofuengirola\",\"description\":\"Centro de Osteopat\u00eda, acupuntura y terapia craneosacral\",\"publisher\":{\"@id\":\"https:\\\/\\\/www.osteofuengirola.pro\\\/#organization\"},\"potentialAction\":[{\"@type\":\"SearchAction\",\"target\":{\"@type\":\"EntryPoint\",\"urlTemplate\":\"https:\\\/\\\/www.osteofuengirola.pro\\\/?s={search_term_string}\"},\"query-input\":{\"@type\":\"PropertyValueSpecification\",\"valueRequired\":true,\"valueName\":\"search_term_string\"}}],\"inLanguage\":\"en-GB\"},{\"@type\":\"Organization\",\"@id\":\"https:\\\/\\\/www.osteofuengirola.pro\\\/#organization\",\"name\":\"Osteofuengiorola - Salvador Portillo\",\"url\":\"https:\\\/\\\/www.osteofuengirola.pro\\\/\",\"logo\":{\"@type\":\"ImageObject\",\"inLanguage\":\"en-GB\",\"@id\":\"https:\\\/\\\/www.osteofuengirola.pro\\\/#\\\/schema\\\/logo\\\/image\\\/\",\"url\":\"https:\\\/\\\/www.osteofuengirola.pro\\\/wp-content\\\/uploads\\\/2023\\\/05\\\/LOGOOSTEOFUENGIROLA.png\",\"contentUrl\":\"https:\\\/\\\/www.osteofuengirola.pro\\\/wp-content\\\/uploads\\\/2023\\\/05\\\/LOGOOSTEOFUENGIROLA.png\",\"width\":339,\"height\":138,\"caption\":\"Osteofuengiorola - Salvador Portillo\"},\"image\":{\"@id\":\"https:\\\/\\\/www.osteofuengirola.pro\\\/#\\\/schema\\\/logo\\\/image\\\/\"},\"sameAs\":[\"https:\\\/\\\/www.facebook.com\\\/OsteoFuengirola\\\/\",\"https:\\\/\\\/www.instagram.com\\\/osteofuengirola\\\/\"]}]}<\/script>\n<!-- \/ Yoast SEO plugin. -->","yoast_head_json":{"title":"Acupuntura - Osteofuengirola","robots":{"index":"index","follow":"follow","max-snippet":"max-snippet:-1","max-image-preview":"max-image-preview:large","max-video-preview":"max-video-preview:-1"},"canonical":"https:\/\/www.osteofuengirola.pro\/en\/acupuntura\/","og_locale":"en_GB","og_type":"article","og_title":"Acupuntura - Osteofuengirola","og_url":"https:\/\/www.osteofuengirola.pro\/en\/acupuntura\/","og_site_name":"Osteofuengirola","article_publisher":"https:\/\/www.facebook.com\/OsteoFuengirola\/","article_modified_time":"2026-04-10T07:05:13+00:00","twitter_card":"summary_large_image","twitter_misc":{"Est. reading time":"4 minutes"},"schema":{"@context":"https:\/\/schema.org","@graph":[{"@type":"WebPage","@id":"https:\/\/www.osteofuengirola.pro\/acupuntura\/","url":"https:\/\/www.osteofuengirola.pro\/acupuntura\/","name":"Acupuntura - Osteofuengirola","isPartOf":{"@id":"https:\/\/www.osteofuengirola.pro\/#website"},"primaryImageOfPage":{"@id":"https:\/\/www.osteofuengirola.pro\/acupuntura\/#primaryimage"},"image":{"@id":"https:\/\/www.osteofuengirola.pro\/acupuntura\/#primaryimage"},"thumbnailUrl":"","datePublished":"2018-04-12T11:12:24+00:00","dateModified":"2026-04-10T07:05:13+00:00","breadcrumb":{"@id":"https:\/\/www.osteofuengirola.pro\/acupuntura\/#breadcrumb"},"inLanguage":"en-GB","potentialAction":[{"@type":"ReadAction","target":["https:\/\/www.osteofuengirola.pro\/acupuntura\/"]}]},{"@type":"ImageObject","inLanguage":"en-GB","@id":"https:\/\/www.osteofuengirola.pro\/acupuntura\/#primaryimage","url":"","contentUrl":""},{"@type":"BreadcrumbList","@id":"https:\/\/www.osteofuengirola.pro\/acupuntura\/#breadcrumb","itemListElement":[{"@type":"ListItem","position":1,"name":"Home","item":"https:\/\/www.osteofuengirola.pro\/"},{"@type":"ListItem","position":2,"name":"Acupuntura"}]},{"@type":"WebSite","@id":"https:\/\/www.osteofuengirola.pro\/#website","url":"https:\/\/www.osteofuengirola.pro\/","name":"Osteopathy Fuengirola","description":"Centro de Osteopat\u00eda, acupuntura y terapia craneosacral","publisher":{"@id":"https:\/\/www.osteofuengirola.pro\/#organization"},"potentialAction":[{"@type":"SearchAction","target":{"@type":"EntryPoint","urlTemplate":"https:\/\/www.osteofuengirola.pro\/?s={search_term_string}"},"query-input":{"@type":"PropertyValueSpecification","valueRequired":true,"valueName":"search_term_string"}}],"inLanguage":"en-GB"},{"@type":"Organization","@id":"https:\/\/www.osteofuengirola.pro\/#organization","name":"Osteofuengiorola - Salvador Portillo","url":"https:\/\/www.osteofuengirola.pro\/","logo":{"@type":"ImageObject","inLanguage":"en-GB","@id":"https:\/\/www.osteofuengirola.pro\/#\/schema\/logo\/image\/","url":"https:\/\/www.osteofuengirola.pro\/wp-content\/uploads\/2023\/05\/LOGOOSTEOFUENGIROLA.png","contentUrl":"https:\/\/www.osteofuengirola.pro\/wp-content\/uploads\/2023\/05\/LOGOOSTEOFUENGIROLA.png","width":339,"height":138,"caption":"Osteofuengiorola - Salvador Portillo"},"image":{"@id":"https:\/\/www.osteofuengirola.pro\/#\/schema\/logo\/image\/"},"sameAs":["https:\/\/www.facebook.com\/OsteoFuengirola\/","https:\/\/www.instagram.com\/osteofuengirola\/"]}]}},"_links":{"self":[{"href":"https:\/\/www.osteofuengirola.pro\/en\/wp-json\/wp\/v2\/pages\/80","targetHints":{"allow":["GET"]}}],"collection":[{"href":"https:\/\/www.osteofuengirola.pro\/en\/wp-json\/wp\/v2\/pages"}],"about":[{"href":"https:\/\/www.osteofuengirola.pro\/en\/wp-json\/wp\/v2\/types\/page"}],"author":[{"embeddable":true,"href":"https:\/\/www.osteofuengirola.pro\/en\/wp-json\/wp\/v2\/users\/2"}],"replies":[{"embeddable":true,"href":"https:\/\/www.osteofuengirola.pro\/en\/wp-json\/wp\/v2\/comments?post=80"}],"version-history":[{"count":6,"href":"https:\/\/www.osteofuengirola.pro\/en\/wp-json\/wp\/v2\/pages\/80\/revisions"}],"predecessor-version":[{"id":2319,"href":"https:\/\/www.osteofuengirola.pro\/en\/wp-json\/wp\/v2\/pages\/80\/revisions\/2319"}],"wp:featuredmedia":[{"embeddable":true,"href":"https:\/\/www.osteofuengirola.pro\/en\/wp-json\/"}],"wp:attachment":[{"href":"https:\/\/www.osteofuengirola.pro\/en\/wp-json\/wp\/v2\/media?parent=80"}],"curies":[{"name":"wp","href":"https:\/\/api.w.org\/{rel}","templated":true}]}}