{"id":49,"date":"2018-04-11T18:03:44","date_gmt":"2018-04-11T18:03:44","guid":{"rendered":"http:\/\/localhost\/Osteofuengirola\/wordpress\/?page_id=49"},"modified":"2024-02-06T16:50:49","modified_gmt":"2024-02-06T16:50:49","slug":"osteopatia-craneal","status":"publish","type":"page","link":"https:\/\/www.osteofuengirola.pro\/en\/osteopatia-craneal\/","title":{"rendered":"Terapia Craneo-sacral"},"content":{"rendered":"<section  class='av_textblock_section av-jnzxc2bw-4c939b1747a26c91596eb3c52e672b42'   itemscope=\"itemscope\" itemtype=\"https:\/\/schema.org\/CreativeWork\" ><div class='avia_textblock'  itemprop=\"text\" ><h1 style=\"text-align: center;\"><strong>craneosacral therapy<\/strong><\/h1>\n<\/div><\/section>\n\n<style type=\"text\/css\" data-created_by=\"avia_inline_auto\" id=\"style-css-av-4psh-f3a83b64cfcea226480056b271396c05\">\n.flex_column.av-4psh-f3a83b64cfcea226480056b271396c05{\nborder-radius:0px 0px 0px 0px;\npadding:0px 0px 0px 0px;\n}\n<\/style>\n<div  class='flex_column av-4psh-f3a83b64cfcea226480056b271396c05 av_one_half  avia-builder-el-1  el_after_av_textblock  el_before_av_one_half  first flex_column_div av-zero-column-padding  column-top-margin'     ><section  class='av_textblock_section av-jnzxchjz-b3762089e024d5d0b2cc96d5ed436614'   itemscope=\"itemscope\" itemtype=\"https:\/\/schema.org\/CreativeWork\" ><div class='avia_textblock'  itemprop=\"text\" ><ul>\n<li>Disfunciones cong\u00e9nitas<\/li>\n<li>Transtornos de la succion y respiraci\u00f3n en bebe<\/li>\n<li>Lesiones del sistema nervioso central, medulares y pares craneales<\/li>\n<li>Dolores craneofaciales<\/li>\n<li>Dolores de cabeza , falta de sue\u00f1o, sinusitis, migra\u00f1as , dolores en la espalda, cansancio, mareos.<\/li>\n<li>Escoliosis , discopat\u00eda , hernia de disco<\/li>\n<li>Bruxismo y disfunciones de la articulaci\u00f3n temporomandibular (ATM)<\/li>\n<li>Transtornos de aprendizaje<\/li>\n<li>Estr\u00e9s postraumatico y emocional<\/li>\n<li>Autismo y transtornos de conducta<\/li>\n<\/ul>\n<\/div><\/section><\/div>\n<style type=\"text\/css\" data-created_by=\"avia_inline_auto\" id=\"style-css-av-w0w5-2726254c9441726ec5ef31f051a04f3a\">\n.flex_column.av-w0w5-2726254c9441726ec5ef31f051a04f3a{\nborder-radius:0px 0px 0px 0px;\npadding:0px 0px 0px 0px;\n}\n<\/style>\n<div  class='flex_column av-w0w5-2726254c9441726ec5ef31f051a04f3a av_one_half  avia-builder-el-3  el_after_av_one_half  el_before_av_one_full  flex_column_div av-zero-column-padding  column-top-margin'     ><section  class='av_textblock_section av-kkmisyg6-3766dca999f5046222d0755743178570'   itemscope=\"itemscope\" itemtype=\"https:\/\/schema.org\/CreativeWork\" ><div class='avia_textblock'  itemprop=\"text\" ><h5 class=\"p1\" style=\"text-align: center;\">Terapia Craneo-sacral<\/h5>\n<\/div><\/section><br \/>\n<div  class='avia-slideshow av-jnzxbrzo-0c383e420eb616a032a9cced58f6561d avia-slideshow-medium av_slideshow avia-slide-slider  avia-builder-el-5  el_after_av_textblock  avia-builder-el-last  av-slideshow-ui av-control-default av-slideshow-autoplay av-loop-endless av-loop-manual-endless av-default-height-applied avia-slideshow-1' data-slideshow-options=\"{&quot;animation&quot;:&quot;slide&quot;,&quot;autoplay&quot;:true,&quot;loop_autoplay&quot;:&quot;endless&quot;,&quot;interval&quot;:5,&quot;loop_manual&quot;:&quot;manual-endless&quot;,&quot;autoplay_stopper&quot;:false,&quot;noNavigation&quot;:false,&quot;bg_slider&quot;:false,&quot;keep_padding&quot;:false,&quot;hoverpause&quot;:false,&quot;show_slide_delay&quot;:0}\"  itemprop=\"image\" itemscope=\"itemscope\" itemtype=\"https:\/\/schema.org\/ImageObject\" ><ul class='avia-slideshow-inner' style='padding-bottom: 100%;'><li  class='avia-slideshow-slide av-jnzxbrzo-0c383e420eb616a032a9cced58f6561d__0  slide-1 slide-odd'><div data-rel='slideshow-1' class='avia-slide-wrap'   ><img decoding=\"async\" fetchpriority=\"high\" class=\"wp-image-560 avia-img-lazy-loading-not-560\"  src=\"https:\/\/www.osteofuengirola.pro\/wp-content\/uploads\/2018\/11\/CRANEOSACRAL-1-300x300.jpg\" width=\"300\" height=\"300\" title='CRANEOSACRAL' alt=''  itemprop=\"thumbnailUrl\" srcset=\"https:\/\/www.osteofuengirola.pro\/wp-content\/uploads\/2018\/11\/CRANEOSACRAL-1-300x300.jpg 300w, https:\/\/www.osteofuengirola.pro\/wp-content\/uploads\/2018\/11\/CRANEOSACRAL-1-80x80.jpg 80w, https:\/\/www.osteofuengirola.pro\/wp-content\/uploads\/2018\/11\/CRANEOSACRAL-1-36x36.jpg 36w, https:\/\/www.osteofuengirola.pro\/wp-content\/uploads\/2018\/11\/CRANEOSACRAL-1-180x180.jpg 180w, https:\/\/www.osteofuengirola.pro\/wp-content\/uploads\/2018\/11\/CRANEOSACRAL-1-120x120.jpg 120w, https:\/\/www.osteofuengirola.pro\/wp-content\/uploads\/2018\/11\/CRANEOSACRAL-1-450x450.jpg 450w, https:\/\/www.osteofuengirola.pro\/wp-content\/uploads\/2018\/11\/CRANEOSACRAL-1.jpg 600w\" sizes=\"(max-width: 300px) 100vw, 300px\" \/><\/div><\/li><li  class='avia-slideshow-slide av-jnzxbrzo-0c383e420eb616a032a9cced58f6561d__1  slide-2 slide-even'><div data-rel='slideshow-1' class='avia-slide-wrap'   ><div class='av-slideshow-caption av-jnzxbrzo-0c383e420eb616a032a9cced58f6561d__1 avia-caption'><div class=\"avia-inner-caption\"><h2 class='avia-caption-title'  itemprop=\"name\" >VOMER flexi\u00f3n \/extensi\u00f3n<\/h2><\/div><\/div><img decoding=\"async\" fetchpriority=\"high\" class=\"wp-image-1153 avia-img-lazy-loading-not-1153\"  src=\"https:\/\/www.osteofuengirola.pro\/wp-content\/uploads\/2021\/02\/photo_2021-02-01-12.50.41-300x200.jpeg\" width=\"300\" height=\"200\" title='photo_2021-02-01 12.50.41' alt=''  itemprop=\"thumbnailUrl\" srcset=\"https:\/\/www.osteofuengirola.pro\/wp-content\/uploads\/2021\/02\/photo_2021-02-01-12.50.41-300x200.jpeg 300w, https:\/\/www.osteofuengirola.pro\/wp-content\/uploads\/2021\/02\/photo_2021-02-01-12.50.41-1030x686.jpeg 1030w, https:\/\/www.osteofuengirola.pro\/wp-content\/uploads\/2021\/02\/photo_2021-02-01-12.50.41-768x512.jpeg 768w, https:\/\/www.osteofuengirola.pro\/wp-content\/uploads\/2021\/02\/photo_2021-02-01-12.50.41-705x470.jpeg 705w, https:\/\/www.osteofuengirola.pro\/wp-content\/uploads\/2021\/02\/photo_2021-02-01-12.50.41.jpeg 1280w\" sizes=\"(max-width: 300px) 100vw, 300px\" \/><\/div><\/li><li  class='avia-slideshow-slide av-jnzxbrzo-0c383e420eb616a032a9cced58f6561d__2  slide-3 slide-odd'><div data-rel='slideshow-1' class='avia-slide-wrap'   ><img decoding=\"async\" fetchpriority=\"high\" class=\"wp-image-562 avia-img-lazy-loading-not-562\"  src=\"https:\/\/www.osteofuengirola.pro\/wp-content\/uploads\/2018\/11\/osteopata-terrassa-1-300x252.jpg\" width=\"300\" height=\"252\" title='osteopata-terrassa' alt=''  itemprop=\"thumbnailUrl\" srcset=\"https:\/\/www.osteofuengirola.pro\/wp-content\/uploads\/2018\/11\/osteopata-terrassa-1-300x252.jpg 300w, https:\/\/www.osteofuengirola.pro\/wp-content\/uploads\/2018\/11\/osteopata-terrassa-1-768x646.jpg 768w, https:\/\/www.osteofuengirola.pro\/wp-content\/uploads\/2018\/11\/osteopata-terrassa-1-1030x866.jpg 1030w, https:\/\/www.osteofuengirola.pro\/wp-content\/uploads\/2018\/11\/osteopata-terrassa-1-1500x1261.jpg 1500w, https:\/\/www.osteofuengirola.pro\/wp-content\/uploads\/2018\/11\/osteopata-terrassa-1-705x593.jpg 705w, https:\/\/www.osteofuengirola.pro\/wp-content\/uploads\/2018\/11\/osteopata-terrassa-1-450x378.jpg 450w\" sizes=\"(max-width: 300px) 100vw, 300px\" \/><\/div><\/li><li  class='avia-slideshow-slide av-jnzxbrzo-0c383e420eb616a032a9cced58f6561d__3  slide-4 slide-even'><div data-rel='slideshow-1' class='avia-slide-wrap'   ><div class='av-slideshow-caption av-jnzxbrzo-0c383e420eb616a032a9cced58f6561d__3 avia-caption'><div class=\"avia-inner-caption\"><h2 class='avia-caption-title'  itemprop=\"name\" >Levantamiento del frontal<\/h2><\/div><\/div><img decoding=\"async\" fetchpriority=\"high\" class=\"wp-image-1149 avia-img-lazy-loading-not-1149\"  src=\"https:\/\/www.osteofuengirola.pro\/wp-content\/uploads\/2021\/02\/photo_2021-02-01-12.50.52-300x200.jpeg\" width=\"300\" height=\"200\" title='photo_2021-02-01 12.50.52' alt=''  itemprop=\"thumbnailUrl\" srcset=\"https:\/\/www.osteofuengirola.pro\/wp-content\/uploads\/2021\/02\/photo_2021-02-01-12.50.52-300x200.jpeg 300w, https:\/\/www.osteofuengirola.pro\/wp-content\/uploads\/2021\/02\/photo_2021-02-01-12.50.52-1030x686.jpeg 1030w, https:\/\/www.osteofuengirola.pro\/wp-content\/uploads\/2021\/02\/photo_2021-02-01-12.50.52-768x512.jpeg 768w, https:\/\/www.osteofuengirola.pro\/wp-content\/uploads\/2021\/02\/photo_2021-02-01-12.50.52-705x470.jpeg 705w, https:\/\/www.osteofuengirola.pro\/wp-content\/uploads\/2021\/02\/photo_2021-02-01-12.50.52.jpeg 1280w\" sizes=\"(max-width: 300px) 100vw, 300px\" \/><\/div><\/li><li  class='avia-slideshow-slide av-jnzxbrzo-0c383e420eb616a032a9cced58f6561d__4  slide-5 slide-odd'><div data-rel='slideshow-1' class='avia-slide-wrap'   ><div class='av-slideshow-caption av-jnzxbrzo-0c383e420eb616a032a9cced58f6561d__4 avia-caption'><div class=\"avia-inner-caption\"><h2 class='avia-caption-title'  itemprop=\"name\" >Balanceo tubo dural<\/h2><\/div><\/div><img decoding=\"async\" fetchpriority=\"high\" class=\"wp-image-1151 avia-img-lazy-loading-not-1151\"  src=\"https:\/\/www.osteofuengirola.pro\/wp-content\/uploads\/2021\/02\/photo_2021-02-01-12.50.48-200x300.jpeg\" width=\"200\" height=\"300\" title='photo_2021-02-01 12.50.48' alt=''  itemprop=\"thumbnailUrl\" srcset=\"https:\/\/www.osteofuengirola.pro\/wp-content\/uploads\/2021\/02\/photo_2021-02-01-12.50.48-200x300.jpeg 200w, https:\/\/www.osteofuengirola.pro\/wp-content\/uploads\/2021\/02\/photo_2021-02-01-12.50.48-686x1030.jpeg 686w, https:\/\/www.osteofuengirola.pro\/wp-content\/uploads\/2021\/02\/photo_2021-02-01-12.50.48-768x1152.jpeg 768w, https:\/\/www.osteofuengirola.pro\/wp-content\/uploads\/2021\/02\/photo_2021-02-01-12.50.48-470x705.jpeg 470w, https:\/\/www.osteofuengirola.pro\/wp-content\/uploads\/2021\/02\/photo_2021-02-01-12.50.48.jpeg 853w\" sizes=\"(max-width: 200px) 100vw, 200px\" \/><\/div><\/li><li  class='avia-slideshow-slide av-jnzxbrzo-0c383e420eb616a032a9cced58f6561d__5  slide-6 slide-even'><div data-rel='slideshow-1' class='avia-slide-wrap'   ><div class='av-slideshow-caption av-jnzxbrzo-0c383e420eb616a032a9cced58f6561d__5 avia-caption'><div class=\"avia-inner-caption\"><h2 class='avia-caption-title'  itemprop=\"name\" >Escucha de la b\u00f3veda craneal<\/h2><\/div><\/div><img decoding=\"async\" fetchpriority=\"high\" class=\"wp-image-1155 avia-img-lazy-loading-not-1155\"  src=\"https:\/\/www.osteofuengirola.pro\/wp-content\/uploads\/2021\/02\/photo_2021-02-01-12.50.45-200x300.jpeg\" width=\"200\" height=\"300\" title='photo_2021-02-01 12.50.45' alt=''  itemprop=\"thumbnailUrl\" srcset=\"https:\/\/www.osteofuengirola.pro\/wp-content\/uploads\/2021\/02\/photo_2021-02-01-12.50.45-200x300.jpeg 200w, https:\/\/www.osteofuengirola.pro\/wp-content\/uploads\/2021\/02\/photo_2021-02-01-12.50.45-686x1030.jpeg 686w, https:\/\/www.osteofuengirola.pro\/wp-content\/uploads\/2021\/02\/photo_2021-02-01-12.50.45-768x1152.jpeg 768w, https:\/\/www.osteofuengirola.pro\/wp-content\/uploads\/2021\/02\/photo_2021-02-01-12.50.45-470x705.jpeg 470w, https:\/\/www.osteofuengirola.pro\/wp-content\/uploads\/2021\/02\/photo_2021-02-01-12.50.45.jpeg 853w\" sizes=\"(max-width: 200px) 100vw, 200px\" \/><\/div><\/li><\/ul><div class='avia-slideshow-arrows avia-slideshow-controls' ><a href='#prev' class='prev-slide' aria-hidden='true' data-av_icon='\ue87c' data-av_iconfont='entypo-fontello'  tabindex='-1'>Previous<\/a><a href='#next' class='next-slide' aria-hidden='true' data-av_icon='\ue87d' data-av_iconfont='entypo-fontello'  tabindex='-1'>Next<\/a><\/div><div class='avia-slideshow-dots avia-slideshow-controls'><a href='#1' class='goto-slide active' >1<\/a><a href='#2' class='goto-slide' >2<\/a><a href='#3' class='goto-slide' >3<\/a><a href='#4' class='goto-slide' >4<\/a><a href='#5' class='goto-slide' >5<\/a><a href='#6' class='goto-slide' >6<\/a><\/div><\/div><\/p><\/div><div  class='flex_column av-av_one_full-a93934ecd89fbb8a9566d39e89cd3725 av_one_full  avia-builder-el-6  el_after_av_one_half  el_before_av_contact  first flex_column_div  column-top-margin'     ><section  class='av_textblock_section av-lsalcpxf-5780570c2bc3cb3d073265982a3f8ea8'   itemscope=\"itemscope\" itemtype=\"https:\/\/schema.org\/CreativeWork\" ><div class='avia_textblock'  itemprop=\"text\" ><ul>\n<li>\n<p style=\"text-align: justify;\"><strong>QU\u00c9 ES LA TERAPIA CRANEOSACRAL?<\/strong><\/p>\n<p style=\"text-align: justify;\">La terapia craneosacral es una forma de tratamiento excepcionalmente suave pero extremadamente poderosa, cada vez m\u00e1s reconocida por la profundidad de su influencia y la amplia gama de sus efectos terap\u00e9uticos. La principal caracter\u00edstica de la Terapia Craneosacral es la correcci\u00f3n de los micromovimientos de los huesos craneales. Con esa micromanipulaci\u00f3n, el terapeuta puede influir en otras estructuras y en todos los \u00f3rganos y sistemas del cuerpo. La terapia craneosacral facilita principalmente los procesos que mejoran las capacidades innatas del cuerpo para la curaci\u00f3n natural.<\/p>\n<p style=\"text-align: justify;\">Uno de los principales objetivos es mejorar el flujo de l\u00edquido cefalorraqu\u00eddeo. Mejorar el flujo y el intercambio de l\u00edquidos mejora las funciones del sistema nervioso central y afecta a todos los dem\u00e1s sistemas corporales, el sistema inmunol\u00f3gico, el sistema cardiovascular, el sistema digestivo. Por lo tanto, la Terapia Craneosacral es \u00fatil para la mayor\u00eda de afecciones cr\u00f3nicas y como terapia preventiva.<\/p>\n<p style=\"text-align: justify;\">La base anat\u00f3mica de la terapia craneosacral<\/p>\n<p style=\"text-align: justify;\">La base m\u00e9dica de la Terapia Craneosacral es el sistema craneosacro, que es un sistema base anat\u00f3mica de la terapia craneosacral.<\/p>\n<p style=\"text-align: justify;\">La base m\u00e9dica de la Terapia Craneosacral es el sistema craneosacro, que es un sistema fisiol\u00f3gico que se encuentra en todos los seres vivos con cerebro y m\u00e9dula espinal.<\/p>\n<p style=\"text-align: justify;\">Se incluyen los del cr\u00e1neo (cr\u00e1neo, cara y boca) y los de la columna vertebral que se extiende hasta el sacro, el hueso triangular entre los iliacos (caderas ). Est\u00e1 contenido dentro de una resistente membrana impermeable, llamada duramadre, que rodea y protege el cerebro y la m\u00e9dula espinal. En la cabeza, esta membrana dural se adhiere a todos los huesos del cr\u00e1neo. En la columna, se une a la segunda y tercera v\u00e9rtebra del cuello, al sacro y al c\u00f3ccix (coxis). Una funci\u00f3n importante del sistema craneosacro es la producci\u00f3n, circulaci\u00f3n y reabsorci\u00f3n de l\u00edquido cefalorraqu\u00eddeo que mantiene el entorno fisiol\u00f3gico en el que se desarrollan, viven y funcionan el cerebro y el sistema nervioso. Todos los nervios del cuerpo se originan a lo largo del camino del sistema de membrana dural. Las restricciones a lo largo de la duramadre que se producen debido a eventos f\u00edsicos o emocionales pueden causar disfunci\u00f3n y dolor en algunos puntos del cuerpo. Todos los huesos adheridos a la membrana dural se mueven constantemente a medida que el cerebro espinal Cada hueso tiene su propio movimiento. Cuando un hueso en particular se sale de su curso o no se mueve en absoluto, indica que hay una restricci\u00f3n en el flujo de l\u00edquido cefalorraqu\u00eddeo. Un desequilibrio en este sistema puede afectar negativamente al desarrollo del cerebro y la m\u00e9dula espinal. Esto puede resultar en disfunci\u00f3n sensorial, motora y neurol\u00f3gica. El sistema craneosacro trabaja en conjunto con otros sistemas del cuerpo como el cardiovascular, respiratorio y musculoesquel\u00e9tico. sistema endocrino y nervioso. Todas las partes del cuerpo se ven afectadas por el funcionamiento del sistema craneo sacro y el ritmo craneosacro.<\/p>\n<p style=\"text-align: justify;\"><strong>El sistema craneosacro<\/strong>, al igual que los sistemas cardiovascular y respiratorio, tiene su propio ritmo palpable llamado ritmo craneosacro. La frecuencia craneosacral normal es de 6 a 12 ciclos por minuto, que no se ve afectada por las emociones, el ejercicio , etc. El movimiento de los huesos del cr\u00e1neo es transferido y absorbido por los huesos perif\u00e9ricos del cuerpo, el tejido conectivo y todos los \u00f3rganos. Por tanto, el movimiento se convierte en un movimiento de todo el cuerpo. El movimiento del l\u00edquido cefalorraqu\u00eddeo crea un pulso que se denomina ritmo craneosacro. Un terapeuta craneosacro capacitado puede palpar este ritmo para evaluar el movimiento del l\u00edquido cefalorraqu\u00eddeo por todo el cuerpo, as\u00ed como para detectar cualquier variaci\u00f3n o posible restricci\u00f3n en el flujo del l\u00edquido cefalorraqu\u00eddeo. Cuando se encuentra una restricci\u00f3n, el terapeuta ayudar\u00e1 al movimiento natural del l\u00edquido y los tejidos blandos relacionados para ayudar al cuerpo a autocorregirse, desarrollar la flexibilidad de la columna y mejorar la salud y el bienestar general.<\/p>\n<\/li>\n<\/ul>\n<\/div><\/section><\/div><form action=\"https:\/\/www.osteofuengirola.pro\/en\/osteopatia-craneal\/\" method=\"post\" data-fields-with-error=\"Found errors in the following field(s):\" class=\"avia_ajax_form av-form-labels-visible   avia-builder-el-8  el_after_av_one_full  avia-builder-el-last\" data-avia-form-id=\"1\" data-avia-redirect='' data-trp-original-action=\"https:\/\/www.osteofuengirola.pro\/en\/osteopatia-craneal\/\" ><h3 class=''>Contact us<\/h3><fieldset><p class='first_form  form_element form_fullwidth' id='element_avia_1_1'><label for=\"avia_1_1\">Name <abbr class=\"required\" title=\"required\">*<\/abbr><\/label> <input name=\"avia_1_1\" class=\"text_input is_empty\" type=\"text\" id=\"avia_1_1\" value=\"\" \/><\/p><p class='first_form  form_element form_fullwidth' id='element_avia_2_1'><label for=\"avia_2_1\">Telephone <abbr class=\"required\" title=\"required\">*<\/abbr><\/label> <input name=\"avia_2_1\" class=\"text_input is_empty\" type=\"text\" id=\"avia_2_1\" value=\"\" \/><\/p><p class='first_form  form_element form_fullwidth' id='element_avia_3_1'><label for=\"avia_3_1\">Email <abbr class=\"required\" title=\"required\">*<\/abbr><\/label> <input name=\"avia_3_1\" class=\"text_input is_email\" type=\"text\" id=\"avia_3_1\" value=\"\" \/><\/p><p class='first_form  form_element form_fullwidth' id='element_avia_4_1'><label for=\"avia_4_1\">Subject <abbr class=\"required\" title=\"required\">*<\/abbr><\/label> <input name=\"avia_4_1\" class=\"text_input is_empty\" type=\"text\" id=\"avia_4_1\" value=\"\" \/><\/p><p class='first_form  form_element form_fullwidth av-last-visible-form-element' id='element_avia_5_1'><label for=\"avia_5_1\" class=\"textare_label hidden textare_label_avia_5_1\">Message <abbr class=\"required\" title=\"required\">*<\/abbr><\/label><textarea  name=\"avia_5_1\" class=\"text_area is_empty\" cols=\"40\" rows=\"7\" id=\"avia_5_1\" ><\/textarea><\/p><p class=\"hidden\"><input type=\"text\" name=\"avia_6_1\" class=\"hidden\" id=\"avia_6_1\" value=\"\" \/><\/p><p class=\"form_element\"><input type=\"hidden\" value=\"1\" name=\"avia_generated_form1\" \/><input type=\"submit\" value=\"Send\" class=\"button\"  data-sending-label=\"Sending\"\/><\/p><\/fieldset><input type=\"hidden\" name=\"trp-form-language\" value=\"en\"\/><\/form><div id=\"ajaxresponse_1\" class=\"ajaxresponse ajaxresponse_1 hidden\"><\/div><\/p>","protected":false},"excerpt":{"rendered":"","protected":false},"author":2,"featured_media":0,"parent":0,"menu_order":0,"comment_status":"closed","ping_status":"closed","template":"","meta":{"footnotes":""},"class_list":["post-49","page","type-page","status-publish","hentry"],"yoast_head":"<!-- This site is optimized with the Yoast SEO plugin v27.3 - https:\/\/yoast.com\/product\/yoast-seo-wordpress\/ -->\n<title>Terapia Craneo-sacral - Osteofuengirola<\/title>\n<meta name=\"robots\" content=\"index, follow, max-snippet:-1, max-image-preview:large, max-video-preview:-1\" \/>\n<link rel=\"canonical\" href=\"https:\/\/www.osteofuengirola.pro\/en\/osteopatia-craneal\/\" \/>\n<meta property=\"og:locale\" content=\"en_GB\" \/>\n<meta property=\"og:type\" content=\"article\" \/>\n<meta property=\"og:title\" content=\"Terapia Craneo-sacral - Osteofuengirola\" \/>\n<meta property=\"og:url\" content=\"https:\/\/www.osteofuengirola.pro\/en\/osteopatia-craneal\/\" \/>\n<meta property=\"og:site_name\" content=\"Osteofuengirola\" \/>\n<meta property=\"article:publisher\" content=\"https:\/\/www.facebook.com\/OsteoFuengirola\/\" \/>\n<meta property=\"article:modified_time\" content=\"2024-02-06T16:50:49+00:00\" \/>\n<meta name=\"twitter:card\" content=\"summary_large_image\" \/>\n<meta name=\"twitter:label1\" content=\"Est. reading time\" \/>\n\t<meta name=\"twitter:data1\" content=\"6 minutes\" \/>\n<script type=\"application\/ld+json\" class=\"yoast-schema-graph\">{\"@context\":\"https:\\\/\\\/schema.org\",\"@graph\":[{\"@type\":\"WebPage\",\"@id\":\"https:\\\/\\\/www.osteofuengirola.pro\\\/osteopatia-craneal\\\/\",\"url\":\"https:\\\/\\\/www.osteofuengirola.pro\\\/osteopatia-craneal\\\/\",\"name\":\"Terapia Craneo-sacral - Osteofuengirola\",\"isPartOf\":{\"@id\":\"https:\\\/\\\/www.osteofuengirola.pro\\\/#website\"},\"datePublished\":\"2018-04-11T18:03:44+00:00\",\"dateModified\":\"2024-02-06T16:50:49+00:00\",\"breadcrumb\":{\"@id\":\"https:\\\/\\\/www.osteofuengirola.pro\\\/osteopatia-craneal\\\/#breadcrumb\"},\"inLanguage\":\"en-GB\",\"potentialAction\":[{\"@type\":\"ReadAction\",\"target\":[\"https:\\\/\\\/www.osteofuengirola.pro\\\/osteopatia-craneal\\\/\"]}]},{\"@type\":\"BreadcrumbList\",\"@id\":\"https:\\\/\\\/www.osteofuengirola.pro\\\/osteopatia-craneal\\\/#breadcrumb\",\"itemListElement\":[{\"@type\":\"ListItem\",\"position\":1,\"name\":\"Home\",\"item\":\"https:\\\/\\\/www.osteofuengirola.pro\\\/\"},{\"@type\":\"ListItem\",\"position\":2,\"name\":\"Terapia Craneo-sacral\"}]},{\"@type\":\"WebSite\",\"@id\":\"https:\\\/\\\/www.osteofuengirola.pro\\\/#website\",\"url\":\"https:\\\/\\\/www.osteofuengirola.pro\\\/\",\"name\":\"Osteofuengirola\",\"description\":\"Centro de Osteopat\u00eda, acupuntura y terapia craneosacral\",\"publisher\":{\"@id\":\"https:\\\/\\\/www.osteofuengirola.pro\\\/#organization\"},\"potentialAction\":[{\"@type\":\"SearchAction\",\"target\":{\"@type\":\"EntryPoint\",\"urlTemplate\":\"https:\\\/\\\/www.osteofuengirola.pro\\\/?s={search_term_string}\"},\"query-input\":{\"@type\":\"PropertyValueSpecification\",\"valueRequired\":true,\"valueName\":\"search_term_string\"}}],\"inLanguage\":\"en-GB\"},{\"@type\":\"Organization\",\"@id\":\"https:\\\/\\\/www.osteofuengirola.pro\\\/#organization\",\"name\":\"Osteofuengiorola - Salvador Portillo\",\"url\":\"https:\\\/\\\/www.osteofuengirola.pro\\\/\",\"logo\":{\"@type\":\"ImageObject\",\"inLanguage\":\"en-GB\",\"@id\":\"https:\\\/\\\/www.osteofuengirola.pro\\\/#\\\/schema\\\/logo\\\/image\\\/\",\"url\":\"https:\\\/\\\/www.osteofuengirola.pro\\\/wp-content\\\/uploads\\\/2023\\\/05\\\/LOGOOSTEOFUENGIROLA.png\",\"contentUrl\":\"https:\\\/\\\/www.osteofuengirola.pro\\\/wp-content\\\/uploads\\\/2023\\\/05\\\/LOGOOSTEOFUENGIROLA.png\",\"width\":339,\"height\":138,\"caption\":\"Osteofuengiorola - Salvador Portillo\"},\"image\":{\"@id\":\"https:\\\/\\\/www.osteofuengirola.pro\\\/#\\\/schema\\\/logo\\\/image\\\/\"},\"sameAs\":[\"https:\\\/\\\/www.facebook.com\\\/OsteoFuengirola\\\/\",\"https:\\\/\\\/www.instagram.com\\\/osteofuengirola\\\/\"]}]}<\/script>\n<!-- \/ Yoast SEO plugin. -->","yoast_head_json":{"title":"Terapia Craneo-sacral - Osteofuengirola","robots":{"index":"index","follow":"follow","max-snippet":"max-snippet:-1","max-image-preview":"max-image-preview:large","max-video-preview":"max-video-preview:-1"},"canonical":"https:\/\/www.osteofuengirola.pro\/en\/osteopatia-craneal\/","og_locale":"en_GB","og_type":"article","og_title":"Terapia Craneo-sacral - Osteofuengirola","og_url":"https:\/\/www.osteofuengirola.pro\/en\/osteopatia-craneal\/","og_site_name":"Osteofuengirola","article_publisher":"https:\/\/www.facebook.com\/OsteoFuengirola\/","article_modified_time":"2024-02-06T16:50:49+00:00","twitter_card":"summary_large_image","twitter_misc":{"Est. reading time":"6 minutes"},"schema":{"@context":"https:\/\/schema.org","@graph":[{"@type":"WebPage","@id":"https:\/\/www.osteofuengirola.pro\/osteopatia-craneal\/","url":"https:\/\/www.osteofuengirola.pro\/osteopatia-craneal\/","name":"Terapia Craneo-sacral - Osteofuengirola","isPartOf":{"@id":"https:\/\/www.osteofuengirola.pro\/#website"},"datePublished":"2018-04-11T18:03:44+00:00","dateModified":"2024-02-06T16:50:49+00:00","breadcrumb":{"@id":"https:\/\/www.osteofuengirola.pro\/osteopatia-craneal\/#breadcrumb"},"inLanguage":"en-GB","potentialAction":[{"@type":"ReadAction","target":["https:\/\/www.osteofuengirola.pro\/osteopatia-craneal\/"]}]},{"@type":"BreadcrumbList","@id":"https:\/\/www.osteofuengirola.pro\/osteopatia-craneal\/#breadcrumb","itemListElement":[{"@type":"ListItem","position":1,"name":"Home","item":"https:\/\/www.osteofuengirola.pro\/"},{"@type":"ListItem","position":2,"name":"Terapia Craneo-sacral"}]},{"@type":"WebSite","@id":"https:\/\/www.osteofuengirola.pro\/#website","url":"https:\/\/www.osteofuengirola.pro\/","name":"Osteopathy Fuengirola","description":"Centro de Osteopat\u00eda, acupuntura y terapia craneosacral","publisher":{"@id":"https:\/\/www.osteofuengirola.pro\/#organization"},"potentialAction":[{"@type":"SearchAction","target":{"@type":"EntryPoint","urlTemplate":"https:\/\/www.osteofuengirola.pro\/?s={search_term_string}"},"query-input":{"@type":"PropertyValueSpecification","valueRequired":true,"valueName":"search_term_string"}}],"inLanguage":"en-GB"},{"@type":"Organization","@id":"https:\/\/www.osteofuengirola.pro\/#organization","name":"Osteofuengiorola - Salvador Portillo","url":"https:\/\/www.osteofuengirola.pro\/","logo":{"@type":"ImageObject","inLanguage":"en-GB","@id":"https:\/\/www.osteofuengirola.pro\/#\/schema\/logo\/image\/","url":"https:\/\/www.osteofuengirola.pro\/wp-content\/uploads\/2023\/05\/LOGOOSTEOFUENGIROLA.png","contentUrl":"https:\/\/www.osteofuengirola.pro\/wp-content\/uploads\/2023\/05\/LOGOOSTEOFUENGIROLA.png","width":339,"height":138,"caption":"Osteofuengiorola - Salvador Portillo"},"image":{"@id":"https:\/\/www.osteofuengirola.pro\/#\/schema\/logo\/image\/"},"sameAs":["https:\/\/www.facebook.com\/OsteoFuengirola\/","https:\/\/www.instagram.com\/osteofuengirola\/"]}]}},"_links":{"self":[{"href":"https:\/\/www.osteofuengirola.pro\/en\/wp-json\/wp\/v2\/pages\/49","targetHints":{"allow":["GET"]}}],"collection":[{"href":"https:\/\/www.osteofuengirola.pro\/en\/wp-json\/wp\/v2\/pages"}],"about":[{"href":"https:\/\/www.osteofuengirola.pro\/en\/wp-json\/wp\/v2\/types\/page"}],"author":[{"embeddable":true,"href":"https:\/\/www.osteofuengirola.pro\/en\/wp-json\/wp\/v2\/users\/2"}],"replies":[{"embeddable":true,"href":"https:\/\/www.osteofuengirola.pro\/en\/wp-json\/wp\/v2\/comments?post=49"}],"version-history":[{"count":10,"href":"https:\/\/www.osteofuengirola.pro\/en\/wp-json\/wp\/v2\/pages\/49\/revisions"}],"predecessor-version":[{"id":1217,"href":"https:\/\/www.osteofuengirola.pro\/en\/wp-json\/wp\/v2\/pages\/49\/revisions\/1217"}],"wp:attachment":[{"href":"https:\/\/www.osteofuengirola.pro\/en\/wp-json\/wp\/v2\/media?parent=49"}],"curies":[{"name":"wp","href":"https:\/\/api.w.org\/{rel}","templated":true}]}}