{"id":47,"date":"2018-04-11T18:03:16","date_gmt":"2018-04-11T18:03:16","guid":{"rendered":"http:\/\/localhost\/Osteofuengirola\/wordpress\/?page_id=47"},"modified":"2018-11-02T11:04:47","modified_gmt":"2018-11-02T11:04:47","slug":"osteopatia-visceral","status":"publish","type":"page","link":"https:\/\/www.osteofuengirola.pro\/en\/osteopatia-visceral\/","title":{"rendered":"Visceral Osteopathy"},"content":{"rendered":"<div  class='avia-slideshow av-jnzwskif-8a4f9655320f73a0d2ce663cf49008e6 avia-slideshow-featured av_slideshow avia-slide-slider  avia-builder-el-0  el_before_av_one_full  avia-builder-el-first  av-slideshow-ui av-control-default av-slideshow-autoplay av-loop-endless av-loop-manual-endless av-default-height-applied avia-slideshow-1' data-slideshow-options=\"{&quot;animation&quot;:&quot;slide&quot;,&quot;autoplay&quot;:true,&quot;loop_autoplay&quot;:&quot;endless&quot;,&quot;interval&quot;:5,&quot;loop_manual&quot;:&quot;manual-endless&quot;,&quot;autoplay_stopper&quot;:false,&quot;noNavigation&quot;:false,&quot;bg_slider&quot;:false,&quot;keep_padding&quot;:false,&quot;hoverpause&quot;:false,&quot;show_slide_delay&quot;:0}\"  itemprop=\"image\" itemscope=\"itemscope\" itemtype=\"https:\/\/schema.org\/ImageObject\" ><ul class='avia-slideshow-inner' style='padding-bottom: 41.9921875%;'><li  class='avia-slideshow-slide av-jnzwskif-8a4f9655320f73a0d2ce663cf49008e6__0  slide-1 slide-odd'><div data-rel='slideshow-1' class='avia-slide-wrap'   ><img decoding=\"async\" fetchpriority=\"high\" class=\"wp-image-541 avia-img-lazy-loading-not-541\"  src=\"https:\/\/www.osteofuengirola.pro\/wp-content\/uploads\/2018\/11\/IMG_3533-1024x430.jpg\" width=\"1024\" height=\"430\" title='IMG_3533' alt=''  itemprop=\"thumbnailUrl\"   \/><\/div><\/li><li  class='avia-slideshow-slide av-jnzwskif-8a4f9655320f73a0d2ce663cf49008e6__1  slide-2 slide-even'><div data-rel='slideshow-1' class='avia-slide-wrap'   ><img decoding=\"async\" fetchpriority=\"high\" class=\"wp-image-542 avia-img-lazy-loading-not-542\"  src=\"https:\/\/www.osteofuengirola.pro\/wp-content\/uploads\/2018\/11\/IMG_3540-1500x430.jpg\" width=\"1500\" height=\"430\" title='IMG_3540' alt=''  itemprop=\"thumbnailUrl\"   \/><\/div><\/li><li  class='avia-slideshow-slide av-jnzwskif-8a4f9655320f73a0d2ce663cf49008e6__2  slide-3 slide-odd'><div data-rel='slideshow-1' class='avia-slide-wrap'   ><img decoding=\"async\" fetchpriority=\"high\" class=\"wp-image-543 avia-img-lazy-loading-not-543\"  src=\"https:\/\/www.osteofuengirola.pro\/wp-content\/uploads\/2018\/11\/IMG_3541-940x430.jpg\" width=\"940\" height=\"430\" title='Visceral Osteopathy' alt=''  itemprop=\"thumbnailUrl\"   \/><\/div><\/li><li  class='avia-slideshow-slide av-jnzwskif-8a4f9655320f73a0d2ce663cf49008e6__3  slide-4 slide-even'><div data-rel='slideshow-1' class='avia-slide-wrap'   ><img decoding=\"async\" fetchpriority=\"high\" class=\"wp-image-544 avia-img-lazy-loading-not-544\"  src=\"https:\/\/www.osteofuengirola.pro\/wp-content\/uploads\/2018\/11\/IMG_3543-800x430.jpg\" width=\"800\" height=\"430\" title='IMG_3543' alt=''  itemprop=\"thumbnailUrl\"   \/><\/div><\/li><li  class='avia-slideshow-slide av-jnzwskif-8a4f9655320f73a0d2ce663cf49008e6__4  slide-5 slide-odd'><div data-rel='slideshow-1' class='avia-slide-wrap'   ><img decoding=\"async\" fetchpriority=\"high\" class=\"wp-image-545 avia-img-lazy-loading-not-545\"  src=\"https:\/\/www.osteofuengirola.pro\/wp-content\/uploads\/2018\/11\/IMG_3545-1500x430.jpg\" width=\"1500\" height=\"430\" title='IMG_3545' alt=''  itemprop=\"thumbnailUrl\"   \/><\/div><\/li><\/ul><div class='avia-slideshow-arrows avia-slideshow-controls' ><a href='#prev' class='prev-slide' aria-hidden='true' data-av_icon='\ue87c' data-av_iconfont='entypo-fontello'  tabindex='-1'>Previous<\/a><a href='#next' class='next-slide' aria-hidden='true' data-av_icon='\ue87d' data-av_iconfont='entypo-fontello'  tabindex='-1'>Next<\/a><\/div><div class='avia-slideshow-dots avia-slideshow-controls'><a href='#1' class='goto-slide active' >1<\/a><a href='#2' class='goto-slide' >2<\/a><a href='#3' class='goto-slide' >3<\/a><a href='#4' class='goto-slide' >4<\/a><a href='#5' class='goto-slide' >5<\/a><\/div><\/div>\n\n<style type=\"text\/css\" data-created_by=\"avia_inline_auto\" id=\"style-css-av-av_one_full-1df1b63c6c045939f2dc1aefbdd8e7ad\">\n.flex_column.av-av_one_full-1df1b63c6c045939f2dc1aefbdd8e7ad{\nborder-radius:0px 0px 0px 0px;\npadding:0px 0px 0px 0px;\n}\n<\/style>\n<div  class='flex_column av-av_one_full-1df1b63c6c045939f2dc1aefbdd8e7ad av_one_full  avia-builder-el-1  el_after_av_slideshow  el_before_av_contact  first flex_column_div av-zero-column-padding'     ><section  class='av_textblock_section av-jnzwtaws-1d51803f3cc555a7b7cdec5b778bf741'   itemscope=\"itemscope\" itemtype=\"https:\/\/schema.org\/CreativeWork\" ><div class='avia_textblock'  itemprop=\"text\" ><h1 style=\"text-align: center;\"><strong>OSTEOPAT\u00cdA VISCERAL<\/strong><\/h1>\n<\/div><\/section><br \/>\n<section  class='av_textblock_section av-jnzwt5hu-365f10e9825880152a638216f0047302'   itemscope=\"itemscope\" itemtype=\"https:\/\/schema.org\/CreativeWork\" ><div class='avia_textblock'  itemprop=\"text\" ><p style=\"text-align: justify;\">La\u00a0Osteopat\u00eda\u00a0visceral (\u00f3rganos),\u00a0es necesaria tenerla en cuenta a la hora de la recuperaci\u00f3n de alguna de nuestras dolencias.<\/p>\n<p style=\"text-align: justify;\">Las\u00a0v\u00edsceras\u00a0forman parte de nuestro cuerpo y como tal debemos darle la importancia que merecen y tratarlas en el caso de que se encuentren en alguna disfunci\u00f3n.<\/p>\n<p style=\"text-align: justify;\">Todas las\u00a0v\u00edsceras\u00a0(est\u00f3mago,\u00a0h\u00edgado,\u00a0intestinos\u2026.) poseen\u00a0dos tipos\u00a0de movimiento que son importantes mantener para que la funcionabilidad de la v\u00edscera sea \u00f3ptima.<\/p>\n<p style=\"text-align: justify;\">La\u00a0Osteopat\u00eda Visceral\u00a0se encarga de trabajar a este nivel, eliminando rigidez estructural mejorando la\u00a0movilidad y motilidad\u00a0visceral a la vez que estimula tanto su\u00a0vascularizaci\u00f3ncomo su\u00a0inervaci\u00f3n.<\/p>\n<p style=\"text-align: justify;\">Todas nuestras v\u00edsceras pueden presentar patrones de\u00a0dolor referido\u00a0cuando se encuentran en disfunci\u00f3n, cada una de ellas en diferentes partes de nuestro cuerpo, generando a su vez la existencia de tensiones an\u00f3malas fasciales y ligamentosas que generan una mayor rigidez estructural, y como consecuencia \u00a0de ello la posible aparici\u00f3n de\u00a0dolor.<\/p>\n<p style=\"text-align: justify;\">Las t\u00e9cnicas manuales viscerales ayudan a liberar bloqueos, mejorar la irrigaci\u00f3n sangu\u00ednea y recuperar la movilidad.<\/p>\n<\/div><\/section><\/p><\/div><form action=\"https:\/\/www.osteofuengirola.pro\/en\/osteopatia-visceral\/\" method=\"post\" data-fields-with-error=\"Found errors in the following field(s):\" class=\"avia_ajax_form av-form-labels-visible   avia-builder-el-4  el_after_av_one_full  avia-builder-el-last\" data-avia-form-id=\"1\" data-avia-redirect='' data-trp-original-action=\"https:\/\/www.osteofuengirola.pro\/en\/osteopatia-visceral\/\" ><h3 class=''>RESERVE SU CITA<\/h3><fieldset><p class='first_form  form_element form_fullwidth' id='element_avia_1_1'><label for=\"avia_1_1\">Name <abbr class=\"required\" title=\"required\">*<\/abbr><\/label> <input name=\"avia_1_1\" class=\"text_input is_empty\" type=\"text\" id=\"avia_1_1\" value=\"\" \/><\/p><p class='first_form  form_element form_fullwidth' id='element_avia_2_1'><label for=\"avia_2_1\">Telephone <abbr class=\"required\" title=\"required\">*<\/abbr><\/label> <input name=\"avia_2_1\" class=\"text_input is_empty\" type=\"text\" id=\"avia_2_1\" value=\"\" \/><\/p><p class='first_form  form_element form_fullwidth' id='element_avia_3_1'><label for=\"avia_3_1\">Email <abbr class=\"required\" title=\"required\">*<\/abbr><\/label> <input name=\"avia_3_1\" class=\"text_input is_email\" type=\"text\" id=\"avia_3_1\" value=\"\" \/><\/p><p class='first_form  form_element form_fullwidth' id='element_avia_4_1'><label for=\"avia_4_1\">Subject <abbr class=\"required\" title=\"required\">*<\/abbr><\/label> <input name=\"avia_4_1\" class=\"text_input is_empty\" type=\"text\" id=\"avia_4_1\" value=\"\" \/><\/p><p class='first_form  form_element form_fullwidth' id='element_avia_5_1'><label for=\"avia_5_1\" class=\"textare_label hidden textare_label_avia_5_1\">Message <abbr class=\"required\" title=\"required\">*<\/abbr><\/label><textarea  name=\"avia_5_1\" class=\"text_area is_empty\" cols=\"40\" rows=\"7\" id=\"avia_5_1\" ><\/textarea><\/p><p class=\"hidden\"><input type=\"text\" name=\"avia_6_1\" class=\"hidden\" id=\"avia_6_1\" value=\"\" \/><\/p><p class='form_element form_fullwidth' id='element_avia_7_1'><span class='value_verifier_label'>2 + 5 = ?<\/span><input name=\"avia_7_1_verifier\" type=\"hidden\" id=\"avia_7_1_verifier\" value=\"243271777\"\/><label for=\"avia_7_1\">Please prove that you are human by solving the equation <abbr class=\"required\" title=\"required\">*<\/abbr><\/label><input name=\"avia_7_1\" class=\"text_input captcha\" type=\"text\" id=\"avia_7_1\" value=\"\"\/><\/p><p class=\"form_element\"><input type=\"hidden\" value=\"1\" name=\"avia_generated_form1\" \/><input type=\"submit\" value=\"Send\" class=\"button\"  data-sending-label=\"Sending\"\/><\/p><\/fieldset><input type=\"hidden\" name=\"trp-form-language\" value=\"en\"\/><\/form><div id=\"ajaxresponse_1\" class=\"ajaxresponse ajaxresponse_1 hidden\"><\/div><\/p>","protected":false},"excerpt":{"rendered":"","protected":false},"author":2,"featured_media":242,"parent":0,"menu_order":0,"comment_status":"closed","ping_status":"closed","template":"","meta":{"footnotes":""},"class_list":["post-47","page","type-page","status-publish","has-post-thumbnail","hentry"],"yoast_head":"<!-- This site is optimized with the Yoast SEO plugin v27.3 - https:\/\/yoast.com\/product\/yoast-seo-wordpress\/ -->\n<title>Osteopat\u00eda visceral - Osteofuengirola<\/title>\n<meta name=\"robots\" content=\"index, follow, max-snippet:-1, max-image-preview:large, max-video-preview:-1\" \/>\n<link rel=\"canonical\" href=\"https:\/\/www.osteofuengirola.pro\/en\/osteopatia-visceral\/\" \/>\n<meta property=\"og:locale\" content=\"en_GB\" \/>\n<meta property=\"og:type\" content=\"article\" \/>\n<meta property=\"og:title\" content=\"Osteopat\u00eda visceral - Osteofuengirola\" \/>\n<meta property=\"og:url\" content=\"https:\/\/www.osteofuengirola.pro\/en\/osteopatia-visceral\/\" \/>\n<meta property=\"og:site_name\" content=\"Osteofuengirola\" \/>\n<meta property=\"article:publisher\" content=\"https:\/\/www.facebook.com\/OsteoFuengirola\/\" \/>\n<meta property=\"article:modified_time\" content=\"2018-11-02T11:04:47+00:00\" \/>\n<meta property=\"og:image\" content=\"https:\/\/www.osteofuengirola.pro\/wp-content\/uploads\/2015\/07\/marker3.png\" \/>\n\t<meta property=\"og:image:width\" content=\"80\" \/>\n\t<meta property=\"og:image:height\" content=\"80\" \/>\n\t<meta property=\"og:image:type\" content=\"image\/png\" \/>\n<meta name=\"twitter:card\" content=\"summary_large_image\" \/>\n<meta name=\"twitter:label1\" content=\"Est. reading time\" \/>\n\t<meta name=\"twitter:data1\" content=\"3 minutes\" \/>\n<script type=\"application\/ld+json\" class=\"yoast-schema-graph\">{\"@context\":\"https:\\\/\\\/schema.org\",\"@graph\":[{\"@type\":\"WebPage\",\"@id\":\"https:\\\/\\\/www.osteofuengirola.pro\\\/osteopatia-visceral\\\/\",\"url\":\"https:\\\/\\\/www.osteofuengirola.pro\\\/osteopatia-visceral\\\/\",\"name\":\"Osteopat\u00eda visceral - Osteofuengirola\",\"isPartOf\":{\"@id\":\"https:\\\/\\\/www.osteofuengirola.pro\\\/#website\"},\"primaryImageOfPage\":{\"@id\":\"https:\\\/\\\/www.osteofuengirola.pro\\\/osteopatia-visceral\\\/#primaryimage\"},\"image\":{\"@id\":\"https:\\\/\\\/www.osteofuengirola.pro\\\/osteopatia-visceral\\\/#primaryimage\"},\"thumbnailUrl\":\"https:\\\/\\\/www.osteofuengirola.pro\\\/wp-content\\\/uploads\\\/2015\\\/07\\\/marker3.png\",\"datePublished\":\"2018-04-11T18:03:16+00:00\",\"dateModified\":\"2018-11-02T11:04:47+00:00\",\"breadcrumb\":{\"@id\":\"https:\\\/\\\/www.osteofuengirola.pro\\\/osteopatia-visceral\\\/#breadcrumb\"},\"inLanguage\":\"en-GB\",\"potentialAction\":[{\"@type\":\"ReadAction\",\"target\":[\"https:\\\/\\\/www.osteofuengirola.pro\\\/osteopatia-visceral\\\/\"]}]},{\"@type\":\"ImageObject\",\"inLanguage\":\"en-GB\",\"@id\":\"https:\\\/\\\/www.osteofuengirola.pro\\\/osteopatia-visceral\\\/#primaryimage\",\"url\":\"https:\\\/\\\/www.osteofuengirola.pro\\\/wp-content\\\/uploads\\\/2015\\\/07\\\/marker3.png\",\"contentUrl\":\"https:\\\/\\\/www.osteofuengirola.pro\\\/wp-content\\\/uploads\\\/2015\\\/07\\\/marker3.png\",\"width\":80,\"height\":80},{\"@type\":\"BreadcrumbList\",\"@id\":\"https:\\\/\\\/www.osteofuengirola.pro\\\/osteopatia-visceral\\\/#breadcrumb\",\"itemListElement\":[{\"@type\":\"ListItem\",\"position\":1,\"name\":\"Home\",\"item\":\"https:\\\/\\\/www.osteofuengirola.pro\\\/\"},{\"@type\":\"ListItem\",\"position\":2,\"name\":\"Osteopat\u00eda visceral\"}]},{\"@type\":\"WebSite\",\"@id\":\"https:\\\/\\\/www.osteofuengirola.pro\\\/#website\",\"url\":\"https:\\\/\\\/www.osteofuengirola.pro\\\/\",\"name\":\"Osteofuengirola\",\"description\":\"Centro de Osteopat\u00eda, acupuntura y terapia craneosacral\",\"publisher\":{\"@id\":\"https:\\\/\\\/www.osteofuengirola.pro\\\/#organization\"},\"potentialAction\":[{\"@type\":\"SearchAction\",\"target\":{\"@type\":\"EntryPoint\",\"urlTemplate\":\"https:\\\/\\\/www.osteofuengirola.pro\\\/?s={search_term_string}\"},\"query-input\":{\"@type\":\"PropertyValueSpecification\",\"valueRequired\":true,\"valueName\":\"search_term_string\"}}],\"inLanguage\":\"en-GB\"},{\"@type\":\"Organization\",\"@id\":\"https:\\\/\\\/www.osteofuengirola.pro\\\/#organization\",\"name\":\"Osteofuengiorola - Salvador Portillo\",\"url\":\"https:\\\/\\\/www.osteofuengirola.pro\\\/\",\"logo\":{\"@type\":\"ImageObject\",\"inLanguage\":\"en-GB\",\"@id\":\"https:\\\/\\\/www.osteofuengirola.pro\\\/#\\\/schema\\\/logo\\\/image\\\/\",\"url\":\"https:\\\/\\\/www.osteofuengirola.pro\\\/wp-content\\\/uploads\\\/2023\\\/05\\\/LOGOOSTEOFUENGIROLA.png\",\"contentUrl\":\"https:\\\/\\\/www.osteofuengirola.pro\\\/wp-content\\\/uploads\\\/2023\\\/05\\\/LOGOOSTEOFUENGIROLA.png\",\"width\":339,\"height\":138,\"caption\":\"Osteofuengiorola - Salvador Portillo\"},\"image\":{\"@id\":\"https:\\\/\\\/www.osteofuengirola.pro\\\/#\\\/schema\\\/logo\\\/image\\\/\"},\"sameAs\":[\"https:\\\/\\\/www.facebook.com\\\/OsteoFuengirola\\\/\",\"https:\\\/\\\/www.instagram.com\\\/osteofuengirola\\\/\"]}]}<\/script>\n<!-- \/ Yoast SEO plugin. -->","yoast_head_json":{"title":"Osteopat\u00eda visceral - Osteofuengirola","robots":{"index":"index","follow":"follow","max-snippet":"max-snippet:-1","max-image-preview":"max-image-preview:large","max-video-preview":"max-video-preview:-1"},"canonical":"https:\/\/www.osteofuengirola.pro\/en\/osteopatia-visceral\/","og_locale":"en_GB","og_type":"article","og_title":"Osteopat\u00eda visceral - Osteofuengirola","og_url":"https:\/\/www.osteofuengirola.pro\/en\/osteopatia-visceral\/","og_site_name":"Osteofuengirola","article_publisher":"https:\/\/www.facebook.com\/OsteoFuengirola\/","article_modified_time":"2018-11-02T11:04:47+00:00","og_image":[{"width":80,"height":80,"url":"https:\/\/www.osteofuengirola.pro\/wp-content\/uploads\/2015\/07\/marker3.png","type":"image\/png"}],"twitter_card":"summary_large_image","twitter_misc":{"Est. reading time":"3 minutes"},"schema":{"@context":"https:\/\/schema.org","@graph":[{"@type":"WebPage","@id":"https:\/\/www.osteofuengirola.pro\/osteopatia-visceral\/","url":"https:\/\/www.osteofuengirola.pro\/osteopatia-visceral\/","name":"Osteopat\u00eda visceral - Osteofuengirola","isPartOf":{"@id":"https:\/\/www.osteofuengirola.pro\/#website"},"primaryImageOfPage":{"@id":"https:\/\/www.osteofuengirola.pro\/osteopatia-visceral\/#primaryimage"},"image":{"@id":"https:\/\/www.osteofuengirola.pro\/osteopatia-visceral\/#primaryimage"},"thumbnailUrl":"https:\/\/www.osteofuengirola.pro\/wp-content\/uploads\/2015\/07\/marker3.png","datePublished":"2018-04-11T18:03:16+00:00","dateModified":"2018-11-02T11:04:47+00:00","breadcrumb":{"@id":"https:\/\/www.osteofuengirola.pro\/osteopatia-visceral\/#breadcrumb"},"inLanguage":"en-GB","potentialAction":[{"@type":"ReadAction","target":["https:\/\/www.osteofuengirola.pro\/osteopatia-visceral\/"]}]},{"@type":"ImageObject","inLanguage":"en-GB","@id":"https:\/\/www.osteofuengirola.pro\/osteopatia-visceral\/#primaryimage","url":"https:\/\/www.osteofuengirola.pro\/wp-content\/uploads\/2015\/07\/marker3.png","contentUrl":"https:\/\/www.osteofuengirola.pro\/wp-content\/uploads\/2015\/07\/marker3.png","width":80,"height":80},{"@type":"BreadcrumbList","@id":"https:\/\/www.osteofuengirola.pro\/osteopatia-visceral\/#breadcrumb","itemListElement":[{"@type":"ListItem","position":1,"name":"Home","item":"https:\/\/www.osteofuengirola.pro\/"},{"@type":"ListItem","position":2,"name":"Osteopat\u00eda visceral"}]},{"@type":"WebSite","@id":"https:\/\/www.osteofuengirola.pro\/#website","url":"https:\/\/www.osteofuengirola.pro\/","name":"Osteopathy Fuengirola","description":"Centro de Osteopat\u00eda, acupuntura y terapia craneosacral","publisher":{"@id":"https:\/\/www.osteofuengirola.pro\/#organization"},"potentialAction":[{"@type":"SearchAction","target":{"@type":"EntryPoint","urlTemplate":"https:\/\/www.osteofuengirola.pro\/?s={search_term_string}"},"query-input":{"@type":"PropertyValueSpecification","valueRequired":true,"valueName":"search_term_string"}}],"inLanguage":"en-GB"},{"@type":"Organization","@id":"https:\/\/www.osteofuengirola.pro\/#organization","name":"Osteofuengiorola - Salvador Portillo","url":"https:\/\/www.osteofuengirola.pro\/","logo":{"@type":"ImageObject","inLanguage":"en-GB","@id":"https:\/\/www.osteofuengirola.pro\/#\/schema\/logo\/image\/","url":"https:\/\/www.osteofuengirola.pro\/wp-content\/uploads\/2023\/05\/LOGOOSTEOFUENGIROLA.png","contentUrl":"https:\/\/www.osteofuengirola.pro\/wp-content\/uploads\/2023\/05\/LOGOOSTEOFUENGIROLA.png","width":339,"height":138,"caption":"Osteofuengiorola - Salvador Portillo"},"image":{"@id":"https:\/\/www.osteofuengirola.pro\/#\/schema\/logo\/image\/"},"sameAs":["https:\/\/www.facebook.com\/OsteoFuengirola\/","https:\/\/www.instagram.com\/osteofuengirola\/"]}]}},"_links":{"self":[{"href":"https:\/\/www.osteofuengirola.pro\/en\/wp-json\/wp\/v2\/pages\/47","targetHints":{"allow":["GET"]}}],"collection":[{"href":"https:\/\/www.osteofuengirola.pro\/en\/wp-json\/wp\/v2\/pages"}],"about":[{"href":"https:\/\/www.osteofuengirola.pro\/en\/wp-json\/wp\/v2\/types\/page"}],"author":[{"embeddable":true,"href":"https:\/\/www.osteofuengirola.pro\/en\/wp-json\/wp\/v2\/users\/2"}],"replies":[{"embeddable":true,"href":"https:\/\/www.osteofuengirola.pro\/en\/wp-json\/wp\/v2\/comments?post=47"}],"version-history":[{"count":2,"href":"https:\/\/www.osteofuengirola.pro\/en\/wp-json\/wp\/v2\/pages\/47\/revisions"}],"predecessor-version":[{"id":540,"href":"https:\/\/www.osteofuengirola.pro\/en\/wp-json\/wp\/v2\/pages\/47\/revisions\/540"}],"wp:featuredmedia":[{"embeddable":true,"href":"https:\/\/www.osteofuengirola.pro\/en\/wp-json\/wp\/v2\/media\/242"}],"wp:attachment":[{"href":"https:\/\/www.osteofuengirola.pro\/en\/wp-json\/wp\/v2\/media?parent=47"}],"curies":[{"name":"wp","href":"https:\/\/api.w.org\/{rel}","templated":true}]}}