{"id":42,"date":"2018-04-11T17:02:03","date_gmt":"2018-04-11T17:02:03","guid":{"rendered":"http:\/\/localhost\/Osteofuengirola\/wordpress\/?page_id=42"},"modified":"2026-02-19T13:27:32","modified_gmt":"2026-02-19T13:27:32","slug":"osteopatia-2","status":"publish","type":"page","link":"https:\/\/www.osteofuengirola.pro\/en\/osteopatia-2\/","title":{"rendered":"Osteopathy"},"content":{"rendered":"<div  class='flex_column av-2s0ca-7f52b664c1b61376376ee95d8d0e1e05 av_one_full  avia-builder-el-0  el_before_av_one_third  avia-builder-el-first  first flex_column_div'     ><\/div>\n<style type=\"text\/css\" data-created_by=\"avia_inline_auto\" id=\"style-css-av-3z6fi-f1c9e2d268208645563980f4062da8a3\">\n.flex_column.av-3z6fi-f1c9e2d268208645563980f4062da8a3{\nwidth:33%;\n}\n<\/style>\n<div  class='flex_column av-3z6fi-f1c9e2d268208645563980f4062da8a3 av_one_third  avia-builder-el-2  el_after_av_one_full  el_before_av_one_third  first flex_column_div  column-top-margin'     ><div  class='avia-button-wrap av-bhzy-5273c727c878501a45e4694840ee1a66-wrap avia-button-center  avia-builder-el-3  avia-builder-el-no-sibling'>\n<style type=\"text\/css\" data-created_by=\"avia_inline_auto\" id=\"style-css-av-bhzy-5273c727c878501a45e4694840ee1a66\">\n#top #wrap_all .avia-button.av-bhzy-5273c727c878501a45e4694840ee1a66{\nfont-size:15px;\nbackground-color:#0079a3;\nborder-color:#0079a3;\ncolor:#ffffff;\nborder-radius:20px 20px 20px 20px;\ntransition:all 0.4s ease-in-out;\n}\n#top #wrap_all.avia-button.av-bhzy-5273c727c878501a45e4694840ee1a66:hover .avia_button_background{\nborder-radius:20px 20px 20px 20px;\n}\n<\/style>\n<a href='tel:+34687749825' class='avia-button av-bhzy-5273c727c878501a45e4694840ee1a66 av-link-btn avia-icon_select-yes-right-icon avia-size-x-large avia-position-center' target=\"_blank\" rel=\"noopener noreferrer\" title=\"Physiotherapist&#039;s phone number in Fuengirola\"><span class='avia_iconbox_title' >Give us a call<\/span><span class='avia_button_icon avia_button_icon_right' aria-hidden='true' data-av_icon='\ue854' data-av_iconfont='entypo-fontello'><\/span><\/a><\/div><\/div><\/p>\n\n<style type=\"text\/css\" data-created_by=\"avia_inline_auto\" id=\"style-css-av-1kd9y-c1dac6a86479103d760f1a92fee9ab02\">\n.flex_column.av-1kd9y-c1dac6a86479103d760f1a92fee9ab02{\nwidth:33%;\nmargin-left:0.5%;\n}\n<\/style>\n<div  class='flex_column av-1kd9y-c1dac6a86479103d760f1a92fee9ab02 av_one_third  avia-builder-el-4  el_after_av_one_third  el_before_av_one_third  flex_column_div  column-top-margin'     ><style type=\"text\/css\" data-created_by=\"avia_inline_auto\" id=\"style-css-av-mcvja9pg-3ccf159a6acab4c0f5484773e5b2d91d\">\n.avia-image-container.av-mcvja9pg-3ccf159a6acab4c0f5484773e5b2d91d img.avia_image{\nbox-shadow:none;\n}\n.avia-image-container.av-mcvja9pg-3ccf159a6acab4c0f5484773e5b2d91d .av-image-caption-overlay-center{\ncolor:#ffffff;\n}\n<\/style>\n<div  class='avia-image-container av-mcvja9pg-3ccf159a6acab4c0f5484773e5b2d91d av-styling- avia-align-center  avia-builder-el-5  avia-builder-el-no-sibling'   itemprop=\"image\" itemscope=\"itemscope\" itemtype=\"https:\/\/schema.org\/ImageObject\" ><div class=\"avia-image-container-inner\"><div class=\"avia-image-overlay-wrap\"><img decoding=\"async\" fetchpriority=\"high\" class='wp-image-1782 avia-img-lazy-loading-not-1782 avia_image' src=\"https:\/\/www.osteofuengirola.pro\/wp-content\/uploads\/2025\/03\/Frame-887.png\" alt='sesi\u00f3n de osteopatia en fuengirola y marbella' title='sesi\u00f3n de osteopatia en fuengirola y marbella'  height=\"250\" width=\"400\"  itemprop=\"thumbnailUrl\" srcset=\"https:\/\/www.osteofuengirola.pro\/wp-content\/uploads\/2025\/03\/Frame-887.png 400w, https:\/\/www.osteofuengirola.pro\/wp-content\/uploads\/2025\/03\/Frame-887-300x188.png 300w\" sizes=\"(max-width: 400px) 100vw, 400px\" \/><\/div><\/div><\/div><\/div>\n\n<style type=\"text\/css\" data-created_by=\"avia_inline_auto\" id=\"style-css-av-2vofu-bf80c461a48efbcafbbd9c1c52864d9d\">\n.flex_column.av-2vofu-bf80c461a48efbcafbbd9c1c52864d9d{\nwidth:33%;\nmargin-left:0.5%;\n}\n<\/style>\n<div  class='flex_column av-2vofu-bf80c461a48efbcafbbd9c1c52864d9d av_one_third  avia-builder-el-6  el_after_av_one_third  el_before_av_one_full  flex_column_div  column-top-margin'     ><div  class='avia-button-wrap av-2bb12-571e53e41330e236f239878a5b7543c5-wrap avia-button-center  avia-builder-el-7  avia-builder-el-no-sibling'>\n<style type=\"text\/css\" data-created_by=\"avia_inline_auto\" id=\"style-css-av-2bb12-571e53e41330e236f239878a5b7543c5\">\n#top #wrap_all .avia-button.av-2bb12-571e53e41330e236f239878a5b7543c5{\nfont-size:15px;\nbackground-color:#0079a3;\nborder-color:#0079a3;\ncolor:#ffffff;\nborder-radius:20px 20px 20px 20px;\ntransition:all 0.4s ease-in-out;\n}\n#top #wrap_all.avia-button.av-2bb12-571e53e41330e236f239878a5b7543c5:hover .avia_button_background{\nborder-radius:20px 20px 20px 20px;\n}\n<\/style>\n<a href='http:\/\/wa.me\/+34687749825' class='avia-button av-2bb12-571e53e41330e236f239878a5b7543c5 av-link-btn avia-icon_select-yes-right-icon avia-size-x-large avia-position-center' target=\"_blank\" rel=\"noopener noreferrer\" title=\"Physiotherapist&#039;s phone number in Fuengirola\"><span class='avia_iconbox_title' >WhatsApp<\/span><span class='avia_button_icon avia_button_icon_right' aria-hidden='true' data-av_icon='\uf232' data-av_iconfont='entypo-fontello'><\/span><\/a><\/div><\/div>\n<div  class='flex_column av-2920e-d4a603a6d6eca6e4669725d1878fc5fb av_one_full  avia-builder-el-8  el_after_av_one_third  el_before_av_one_full  first flex_column_div  column-top-margin'     ><br \/>\n<\/p><\/div>\n<div  class='flex_column av-1lyj2-3b235b539ab4bb408e01e36ca5152372 av_one_full  avia-builder-el-11  el_after_av_one_full  el_before_av_one_full  first flex_column_div  column-top-margin'     ><p>\n<style type=\"text\/css\" data-created_by=\"avia_inline_auto\" id=\"style-css-av-mfmoxhak-8e278fc035d0c9f6d77d0b8d2ad6eb3f\">\n.avia-image-container.av-mfmoxhak-8e278fc035d0c9f6d77d0b8d2ad6eb3f img.avia_image{\nbox-shadow:none;\n}\n.avia-image-container.av-mfmoxhak-8e278fc035d0c9f6d77d0b8d2ad6eb3f .av-image-caption-overlay-center{\ncolor:#ffffff;\n}\n<\/style>\n<div  class='avia-image-container av-mfmoxhak-8e278fc035d0c9f6d77d0b8d2ad6eb3f av-styling- avia-align-center  avia-builder-el-12  el_before_av_codeblock  avia-builder-el-first'   itemprop=\"image\" itemscope=\"itemscope\" itemtype=\"https:\/\/schema.org\/ImageObject\" ><div class=\"avia-image-container-inner\"><div class=\"avia-image-overlay-wrap\"><img decoding=\"async\" fetchpriority=\"high\" class='wp-image-1854 avia-img-lazy-loading-not-1854 avia_image' src=\"https:\/\/www.osteofuengirola.pro\/wp-content\/uploads\/2025\/03\/Imagen-de-WhatsApp-2024-11-28-a-las-18.38.11_c2a179da-300x300.png\" alt='Salvador Portillo' title='Salvador Portillo'  height=\"300\" width=\"300\"  itemprop=\"thumbnailUrl\" srcset=\"https:\/\/www.osteofuengirola.pro\/wp-content\/uploads\/2025\/03\/Imagen-de-WhatsApp-2024-11-28-a-las-18.38.11_c2a179da-300x300.png 300w, https:\/\/www.osteofuengirola.pro\/wp-content\/uploads\/2025\/03\/Imagen-de-WhatsApp-2024-11-28-a-las-18.38.11_c2a179da-80x80.png 80w, https:\/\/www.osteofuengirola.pro\/wp-content\/uploads\/2025\/03\/Imagen-de-WhatsApp-2024-11-28-a-las-18.38.11_c2a179da-36x36.png 36w, https:\/\/www.osteofuengirola.pro\/wp-content\/uploads\/2025\/03\/Imagen-de-WhatsApp-2024-11-28-a-las-18.38.11_c2a179da-180x180.png 180w, https:\/\/www.osteofuengirola.pro\/wp-content\/uploads\/2025\/03\/Imagen-de-WhatsApp-2024-11-28-a-las-18.38.11_c2a179da-705x702.png 705w, https:\/\/www.osteofuengirola.pro\/wp-content\/uploads\/2025\/03\/Imagen-de-WhatsApp-2024-11-28-a-las-18.38.11_c2a179da.png 720w\" sizes=\"(max-width: 300px) 100vw, 300px\" \/><\/div><\/div><\/div><br \/>\n<\/p><\/div><div  class='flex_column av-t1se-a77fd941083a7a3e856b0266ae839661 av_one_full  avia-builder-el-14  el_after_av_one_full  avia-builder-el-last  first flex_column_div  column-top-margin'     ><br \/>\n<br \/>\n<\/p><\/div><\/p>","protected":false},"excerpt":{"rendered":"","protected":false},"author":2,"featured_media":0,"parent":0,"menu_order":0,"comment_status":"closed","ping_status":"closed","template":"","meta":{"footnotes":""},"class_list":["post-42","page","type-page","status-publish","hentry"],"yoast_head":"<!-- This site is optimized with the Yoast SEO plugin v27.3 - https:\/\/yoast.com\/product\/yoast-seo-wordpress\/ -->\n<title>Clinica de Osteopat\u00eda en Fuengirola - OsteoFuengirola<\/title>\n<meta name=\"description\" content=\"Recupera tu bienestar con tratamientos de osteopat\u00eda en Fuengirola y M\u00e1laga. Valoraci\u00f3n personalizada y t\u00e9cnicas manuales suaves. Reserva tu cita online.\" \/>\n<meta name=\"robots\" content=\"index, follow, max-snippet:-1, max-image-preview:large, max-video-preview:-1\" \/>\n<link rel=\"canonical\" href=\"https:\/\/www.osteofuengirola.pro\/en\/osteopatia-2\/\" \/>\n<meta property=\"og:locale\" content=\"en_GB\" \/>\n<meta property=\"og:type\" content=\"article\" \/>\n<meta property=\"og:title\" content=\"Clinica de Osteopat\u00eda en Fuengirola - OsteoFuengirola\" \/>\n<meta property=\"og:description\" content=\"Recupera tu bienestar con tratamientos de osteopat\u00eda en Fuengirola y M\u00e1laga. Valoraci\u00f3n personalizada y t\u00e9cnicas manuales suaves. Reserva tu cita online.\" \/>\n<meta property=\"og:url\" content=\"https:\/\/www.osteofuengirola.pro\/en\/osteopatia-2\/\" \/>\n<meta property=\"og:site_name\" content=\"Osteofuengirola\" \/>\n<meta property=\"article:publisher\" content=\"https:\/\/www.facebook.com\/OsteoFuengirola\/\" \/>\n<meta property=\"article:modified_time\" content=\"2026-02-19T13:27:32+00:00\" \/>\n<meta name=\"twitter:card\" content=\"summary_large_image\" \/>\n<meta name=\"twitter:label1\" content=\"Est. reading time\" \/>\n\t<meta name=\"twitter:data1\" content=\"1 minute\" \/>\n<script type=\"application\/ld+json\" class=\"yoast-schema-graph\">{\"@context\":\"https:\\\/\\\/schema.org\",\"@graph\":[{\"@type\":\"WebPage\",\"@id\":\"https:\\\/\\\/www.osteofuengirola.pro\\\/osteopatia-2\\\/\",\"url\":\"https:\\\/\\\/www.osteofuengirola.pro\\\/osteopatia-2\\\/\",\"name\":\"Clinica de Osteopat\u00eda en Fuengirola - OsteoFuengirola\",\"isPartOf\":{\"@id\":\"https:\\\/\\\/www.osteofuengirola.pro\\\/#website\"},\"datePublished\":\"2018-04-11T17:02:03+00:00\",\"dateModified\":\"2026-02-19T13:27:32+00:00\",\"description\":\"Recupera tu bienestar con tratamientos de osteopat\u00eda en Fuengirola y M\u00e1laga. Valoraci\u00f3n personalizada y t\u00e9cnicas manuales suaves. Reserva tu cita online.\",\"breadcrumb\":{\"@id\":\"https:\\\/\\\/www.osteofuengirola.pro\\\/osteopatia-2\\\/#breadcrumb\"},\"inLanguage\":\"en-GB\",\"potentialAction\":[{\"@type\":\"ReadAction\",\"target\":[\"https:\\\/\\\/www.osteofuengirola.pro\\\/osteopatia-2\\\/\"]}]},{\"@type\":\"BreadcrumbList\",\"@id\":\"https:\\\/\\\/www.osteofuengirola.pro\\\/osteopatia-2\\\/#breadcrumb\",\"itemListElement\":[{\"@type\":\"ListItem\",\"position\":1,\"name\":\"Home\",\"item\":\"https:\\\/\\\/www.osteofuengirola.pro\\\/\"},{\"@type\":\"ListItem\",\"position\":2,\"name\":\"Osteopatia\"}]},{\"@type\":\"WebSite\",\"@id\":\"https:\\\/\\\/www.osteofuengirola.pro\\\/#website\",\"url\":\"https:\\\/\\\/www.osteofuengirola.pro\\\/\",\"name\":\"Osteofuengirola\",\"description\":\"Centro de Osteopat\u00eda, acupuntura y terapia craneosacral\",\"publisher\":{\"@id\":\"https:\\\/\\\/www.osteofuengirola.pro\\\/#organization\"},\"potentialAction\":[{\"@type\":\"SearchAction\",\"target\":{\"@type\":\"EntryPoint\",\"urlTemplate\":\"https:\\\/\\\/www.osteofuengirola.pro\\\/?s={search_term_string}\"},\"query-input\":{\"@type\":\"PropertyValueSpecification\",\"valueRequired\":true,\"valueName\":\"search_term_string\"}}],\"inLanguage\":\"en-GB\"},{\"@type\":\"Organization\",\"@id\":\"https:\\\/\\\/www.osteofuengirola.pro\\\/#organization\",\"name\":\"Osteofuengiorola - Salvador Portillo\",\"url\":\"https:\\\/\\\/www.osteofuengirola.pro\\\/\",\"logo\":{\"@type\":\"ImageObject\",\"inLanguage\":\"en-GB\",\"@id\":\"https:\\\/\\\/www.osteofuengirola.pro\\\/#\\\/schema\\\/logo\\\/image\\\/\",\"url\":\"https:\\\/\\\/www.osteofuengirola.pro\\\/wp-content\\\/uploads\\\/2023\\\/05\\\/LOGOOSTEOFUENGIROLA.png\",\"contentUrl\":\"https:\\\/\\\/www.osteofuengirola.pro\\\/wp-content\\\/uploads\\\/2023\\\/05\\\/LOGOOSTEOFUENGIROLA.png\",\"width\":339,\"height\":138,\"caption\":\"Osteofuengiorola - Salvador Portillo\"},\"image\":{\"@id\":\"https:\\\/\\\/www.osteofuengirola.pro\\\/#\\\/schema\\\/logo\\\/image\\\/\"},\"sameAs\":[\"https:\\\/\\\/www.facebook.com\\\/OsteoFuengirola\\\/\",\"https:\\\/\\\/www.instagram.com\\\/osteofuengirola\\\/\"]}]}<\/script>\n<!-- \/ Yoast SEO plugin. -->","yoast_head_json":{"title":"Clinica de Osteopat\u00eda en Fuengirola - OsteoFuengirola","description":"Recupera tu bienestar con tratamientos de osteopat\u00eda en Fuengirola y M\u00e1laga. Valoraci\u00f3n personalizada y t\u00e9cnicas manuales suaves. Reserva tu cita online.","robots":{"index":"index","follow":"follow","max-snippet":"max-snippet:-1","max-image-preview":"max-image-preview:large","max-video-preview":"max-video-preview:-1"},"canonical":"https:\/\/www.osteofuengirola.pro\/en\/osteopatia-2\/","og_locale":"en_GB","og_type":"article","og_title":"Clinica de Osteopat\u00eda en Fuengirola - OsteoFuengirola","og_description":"Recupera tu bienestar con tratamientos de osteopat\u00eda en Fuengirola y M\u00e1laga. Valoraci\u00f3n personalizada y t\u00e9cnicas manuales suaves. Reserva tu cita online.","og_url":"https:\/\/www.osteofuengirola.pro\/en\/osteopatia-2\/","og_site_name":"Osteofuengirola","article_publisher":"https:\/\/www.facebook.com\/OsteoFuengirola\/","article_modified_time":"2026-02-19T13:27:32+00:00","twitter_card":"summary_large_image","twitter_misc":{"Est. reading time":"1 minute"},"schema":{"@context":"https:\/\/schema.org","@graph":[{"@type":"WebPage","@id":"https:\/\/www.osteofuengirola.pro\/osteopatia-2\/","url":"https:\/\/www.osteofuengirola.pro\/osteopatia-2\/","name":"Clinica de Osteopat\u00eda en Fuengirola - OsteoFuengirola","isPartOf":{"@id":"https:\/\/www.osteofuengirola.pro\/#website"},"datePublished":"2018-04-11T17:02:03+00:00","dateModified":"2026-02-19T13:27:32+00:00","description":"Recupera tu bienestar con tratamientos de osteopat\u00eda en Fuengirola y M\u00e1laga. Valoraci\u00f3n personalizada y t\u00e9cnicas manuales suaves. Reserva tu cita online.","breadcrumb":{"@id":"https:\/\/www.osteofuengirola.pro\/osteopatia-2\/#breadcrumb"},"inLanguage":"en-GB","potentialAction":[{"@type":"ReadAction","target":["https:\/\/www.osteofuengirola.pro\/osteopatia-2\/"]}]},{"@type":"BreadcrumbList","@id":"https:\/\/www.osteofuengirola.pro\/osteopatia-2\/#breadcrumb","itemListElement":[{"@type":"ListItem","position":1,"name":"Home","item":"https:\/\/www.osteofuengirola.pro\/"},{"@type":"ListItem","position":2,"name":"Osteopatia"}]},{"@type":"WebSite","@id":"https:\/\/www.osteofuengirola.pro\/#website","url":"https:\/\/www.osteofuengirola.pro\/","name":"Osteopathy Fuengirola","description":"Centro de Osteopat\u00eda, acupuntura y terapia craneosacral","publisher":{"@id":"https:\/\/www.osteofuengirola.pro\/#organization"},"potentialAction":[{"@type":"SearchAction","target":{"@type":"EntryPoint","urlTemplate":"https:\/\/www.osteofuengirola.pro\/?s={search_term_string}"},"query-input":{"@type":"PropertyValueSpecification","valueRequired":true,"valueName":"search_term_string"}}],"inLanguage":"en-GB"},{"@type":"Organization","@id":"https:\/\/www.osteofuengirola.pro\/#organization","name":"Osteofuengiorola - Salvador Portillo","url":"https:\/\/www.osteofuengirola.pro\/","logo":{"@type":"ImageObject","inLanguage":"en-GB","@id":"https:\/\/www.osteofuengirola.pro\/#\/schema\/logo\/image\/","url":"https:\/\/www.osteofuengirola.pro\/wp-content\/uploads\/2023\/05\/LOGOOSTEOFUENGIROLA.png","contentUrl":"https:\/\/www.osteofuengirola.pro\/wp-content\/uploads\/2023\/05\/LOGOOSTEOFUENGIROLA.png","width":339,"height":138,"caption":"Osteofuengiorola - Salvador Portillo"},"image":{"@id":"https:\/\/www.osteofuengirola.pro\/#\/schema\/logo\/image\/"},"sameAs":["https:\/\/www.facebook.com\/OsteoFuengirola\/","https:\/\/www.instagram.com\/osteofuengirola\/"]}]}},"_links":{"self":[{"href":"https:\/\/www.osteofuengirola.pro\/en\/wp-json\/wp\/v2\/pages\/42","targetHints":{"allow":["GET"]}}],"collection":[{"href":"https:\/\/www.osteofuengirola.pro\/en\/wp-json\/wp\/v2\/pages"}],"about":[{"href":"https:\/\/www.osteofuengirola.pro\/en\/wp-json\/wp\/v2\/types\/page"}],"author":[{"embeddable":true,"href":"https:\/\/www.osteofuengirola.pro\/en\/wp-json\/wp\/v2\/users\/2"}],"replies":[{"embeddable":true,"href":"https:\/\/www.osteofuengirola.pro\/en\/wp-json\/wp\/v2\/comments?post=42"}],"version-history":[{"count":43,"href":"https:\/\/www.osteofuengirola.pro\/en\/wp-json\/wp\/v2\/pages\/42\/revisions"}],"predecessor-version":[{"id":2203,"href":"https:\/\/www.osteofuengirola.pro\/en\/wp-json\/wp\/v2\/pages\/42\/revisions\/2203"}],"wp:attachment":[{"href":"https:\/\/www.osteofuengirola.pro\/en\/wp-json\/wp\/v2\/media?parent=42"}],"curies":[{"name":"wp","href":"https:\/\/api.w.org\/{rel}","templated":true}]}}