{"id":2325,"date":"2026-04-10T07:21:47","date_gmt":"2026-04-10T07:21:47","guid":{"rendered":"https:\/\/www.osteofuengirola.pro\/?page_id=2325"},"modified":"2026-04-10T07:55:05","modified_gmt":"2026-04-10T07:55:05","slug":"osteopatia-y-terapias-naturales-en-marbella-y-costa-del-sol","status":"publish","type":"page","link":"https:\/\/www.osteofuengirola.pro\/en\/osteopatia-y-terapias-naturales-en-marbella-y-costa-del-sol\/","title":{"rendered":"Osteopat\u00eda en Marbella y Costa del Sol"},"content":{"rendered":"<section  class='av_textblock_section av-mnskodoc-a3895e54eb2dc31aac1663729854d958'   itemscope=\"itemscope\" itemtype=\"https:\/\/schema.org\/CreativeWork\" ><div class='avia_textblock'  itemprop=\"text\" ><h2 data-start=\"382\" data-end=\"444\">Osteopat\u00eda y terapias naturales en Marbella y Costa del Sol<\/h2>\n<\/div><\/section>\n<div  class='flex_column av-7qb3p4-4e61152efd0143879022d4ae3cd7fcd9 av_one_full  avia-builder-el-1  el_after_av_textblock  el_before_av_one_half  first flex_column_div  column-top-margin'     ><section  class='av_textblock_section av-jnzyfdv7-1149c5acc9a90aeff20cbc4c88221ee1'   itemscope=\"itemscope\" itemtype=\"https:\/\/schema.org\/CreativeWork\" ><div class='avia_textblock'  itemprop=\"text\" ><p data-start=\"446\" data-end=\"652\">En <strong data-start=\"449\" data-end=\"468\">OsteoFuengirola<\/strong> ofrecemos tratamientos de <strong data-start=\"495\" data-end=\"576\">osteopat\u00eda, acupuntura y terapias integrativas en Marbella y la Costa del Sol<\/strong>, orientados a mejorar la salud de forma global, respetuosa y personalizada.<\/p>\n<p data-start=\"654\" data-end=\"882\">Nuestro enfoque se basa en comprender el cuerpo como una unidad, donde los s\u00edntomas f\u00edsicos, emocionales y funcionales est\u00e1n interrelacionados. Por ello, cada tratamiento se adapta a las necesidades espec\u00edficas de cada paciente.<\/p>\n<p data-start=\"884\" data-end=\"1039\">Atendemos a personas de <strong data-start=\"908\" data-end=\"977\">Marbella, Fuengirola, San Pedro de Alc\u00e1ntara, Mijas y alrededores<\/strong> que buscan una alternativa natural para mejorar su bienestar.<\/p>\n<\/div><\/section><\/div>\n<style type=\"text\/css\" data-created_by=\"avia_inline_auto\" id=\"style-css-av-4wgb4-19-b60ea1794cf2b4071678b57ed0e993b5\">\n.flex_column.av-4wgb4-19-b60ea1794cf2b4071678b57ed0e993b5{\nborder-radius:0px 0px 0px 0px;\npadding:0px 0px 0px 0px;\n}\n<\/style>\n<div  class='flex_column av-4wgb4-19-b60ea1794cf2b4071678b57ed0e993b5 av_one_half  avia-builder-el-3  el_after_av_one_full  el_before_av_one_half  first flex_column_div av-zero-column-padding  column-top-margin'     ><div  class='avia-slideshow av-jnzyh6sl-18-032daecb2ead8cdea1cc7133e9195b5f avia-slideshow-no scaling av_slideshow avia-slide-slider  avia-builder-el-4  avia-builder-el-no-sibling  av-slideshow-ui av-control-default av-slideshow-manual av-loop-once av-loop-manual-endless av-default-height-applied avia-slideshow-1' data-slideshow-options=\"{&quot;animation&quot;:&quot;slide&quot;,&quot;autoplay&quot;:false,&quot;loop_autoplay&quot;:&quot;once&quot;,&quot;interval&quot;:5,&quot;loop_manual&quot;:&quot;manual-endless&quot;,&quot;autoplay_stopper&quot;:false,&quot;noNavigation&quot;:false,&quot;bg_slider&quot;:false,&quot;keep_padding&quot;:false,&quot;hoverpause&quot;:false,&quot;show_slide_delay&quot;:0}\"  itemprop=\"image\" itemscope=\"itemscope\" itemtype=\"https:\/\/schema.org\/ImageObject\" ><ul class='avia-slideshow-inner' style='padding-bottom: 62.5%;'><li  class='avia-slideshow-slide av-jnzyh6sl-18-032daecb2ead8cdea1cc7133e9195b5f__0  av-single-slide slide-1 slide-odd'><div data-rel='slideshow-1' class='avia-slide-wrap'   ><img decoding=\"async\" fetchpriority=\"high\" class=\"wp-image-2159 avia-img-lazy-loading-not-2159\"  src=\"https:\/\/www.osteofuengirola.pro\/wp-content\/uploads\/2025\/09\/9.png\" width=\"400\" height=\"250\" title='9' alt=''  itemprop=\"thumbnailUrl\" srcset=\"https:\/\/www.osteofuengirola.pro\/wp-content\/uploads\/2025\/09\/9.png 400w, https:\/\/www.osteofuengirola.pro\/wp-content\/uploads\/2025\/09\/9-300x188.png 300w\" sizes=\"(max-width: 400px) 100vw, 400px\" \/><\/div><\/li><\/ul><\/div><\/div>\n<style type=\"text\/css\" data-created_by=\"avia_inline_auto\" id=\"style-css-av-4h1iw-16-2bd215e816bd70bef88164e45e61489e\">\n.flex_column.av-4h1iw-16-2bd215e816bd70bef88164e45e61489e{\nborder-radius:0px 0px 0px 0px;\npadding:0px 0px 0px 0px;\n}\n<\/style>\n<div  class='flex_column av-4h1iw-16-2bd215e816bd70bef88164e45e61489e av_one_half  avia-builder-el-5  el_after_av_one_half  el_before_av_one_full  flex_column_div av-zero-column-padding  column-top-margin'     ><form action=\"https:\/\/www.osteofuengirola.pro\/en\/osteopatia-y-terapias-naturales-en-marbella-y-costa-del-sol\/\" method=\"post\" data-fields-with-error=\"Found errors in the following field(s):\" class=\"avia_ajax_form av-form-labels-visible   avia-builder-el-6  avia-builder-el-no-sibling\" data-avia-form-id=\"1\" data-avia-redirect='' data-trp-original-action=\"https:\/\/www.osteofuengirola.pro\/en\/osteopatia-y-terapias-naturales-en-marbella-y-costa-del-sol\/\" ><h4 class=''>Contact us<\/h4><fieldset><p class='first_form  form_element form_fullwidth' id='element_avia_1_1'><label for=\"avia_1_1\">Name <abbr class=\"required\" title=\"required\">*<\/abbr><\/label> <input name=\"avia_1_1\" class=\"text_input is_empty\" type=\"text\" id=\"avia_1_1\" value=\"\" \/><\/p><p class='first_form  form_element form_fullwidth' id='element_avia_2_1'><label for=\"avia_2_1\">Email <abbr class=\"required\" title=\"required\">*<\/abbr><\/label> <input name=\"avia_2_1\" class=\"text_input is_email\" type=\"text\" id=\"avia_2_1\" value=\"\" \/><\/p><p class='first_form  form_element form_fullwidth' id='element_avia_3_1'><label for=\"avia_3_1\">Subject <abbr class=\"required\" title=\"required\">*<\/abbr><\/label> <input name=\"avia_3_1\" class=\"text_input is_empty\" type=\"text\" id=\"avia_3_1\" value=\"\" \/><\/p><p class='first_form  form_element form_fullwidth' id='element_avia_4_1'><label for=\"avia_4_1\" class=\"textare_label hidden textare_label_avia_4_1\">Message <abbr class=\"required\" title=\"required\">*<\/abbr><\/label><textarea  name=\"avia_4_1\" class=\"text_area is_empty\" cols=\"40\" rows=\"7\" id=\"avia_4_1\" ><\/textarea><\/p><p class='first_form  form_element form_fullwidth av-last-visible-form-element' id='element_avia_5_1'><label for=\"avia_5_1\">Telephone <abbr class=\"required\" title=\"required\">*<\/abbr><\/label> <input name=\"avia_5_1\" class=\"text_input is_empty\" type=\"text\" id=\"avia_5_1\" value=\"\" \/><\/p><p class=\"hidden\"><input type=\"text\" name=\"avia_6_1\" class=\"hidden\" id=\"avia_6_1\" value=\"\" \/><\/p><p class=\"form_element\"><input type=\"hidden\" value=\"1\" name=\"avia_generated_form1\" \/><input type=\"submit\" value=\"Send\" class=\"button\"  data-sending-label=\"Sending\"\/><\/p><\/fieldset><input type=\"hidden\" name=\"trp-form-language\" value=\"en\"\/><\/form><div id=\"ajaxresponse_1\" class=\"ajaxresponse ajaxresponse_1 hidden\"><\/div><\/div><div  class='flex_column av-7qb3p4-9-3214dd644d7e292b6e36855f0da30718 av_one_full  avia-builder-el-7  el_after_av_one_half  avia-builder-el-last  first flex_column_div  column-top-margin'     ><section  class='av_textblock_section av-jnzyfdv7-8-940ab98ff10f3a7110614b1653d8f123'   itemscope=\"itemscope\" itemtype=\"https:\/\/schema.org\/CreativeWork\" ><div class='avia_textblock'  itemprop=\"text\" ><h2 data-start=\"1046\" data-end=\"1083\">Un enfoque integrativo de la salud<\/h2>\n<p data-start=\"1085\" data-end=\"1181\">En OsteoFuengirola combinamos distintas t\u00e9cnicas terap\u00e9uticas para ofrecer un abordaje completo:<\/p>\n<ul data-start=\"1183\" data-end=\"1348\">\n<li data-start=\"1183\" data-end=\"1229\">Osteopat\u00eda estructural, visceral y craneal<\/li>\n<li data-start=\"1230\" data-end=\"1256\">Acupuntura tradicional<\/li>\n<li data-start=\"1257\" data-end=\"1294\">Terapias para el sistema nervioso<\/li>\n<li data-start=\"1295\" data-end=\"1348\">T\u00e9cnicas de regulaci\u00f3n del estr\u00e9s y dolor cr\u00f3nico<\/li>\n<\/ul>\n<p data-start=\"1350\" data-end=\"1486\">Nuestro objetivo no es solo aliviar s\u00edntomas, sino ayudar al cuerpo a recuperar su equilibrio natural y su capacidad de autorregulaci\u00f3n.<\/p>\n<hr data-start=\"1488\" data-end=\"1491\" \/>\n<h2 data-start=\"1493\" data-end=\"1523\">Tratamientos personalizados<\/h2>\n<p data-start=\"1525\" data-end=\"1613\">Cada persona es \u00fanica, por eso realizamos una valoraci\u00f3n individualizada en cada sesi\u00f3n.<\/p>\n<p data-start=\"1615\" data-end=\"1650\">Tratamos frecuentemente casos como:<\/p>\n<ul data-start=\"1651\" data-end=\"1887\">\n<li data-start=\"1651\" data-end=\"1684\">Dolor de espalda y cervicales<\/li>\n<li data-start=\"1685\" data-end=\"1708\">Migra\u00f1as y cefaleas<\/li>\n<li data-start=\"1709\" data-end=\"1748\">Estr\u00e9s, ansiedad y tensi\u00f3n nerviosa<\/li>\n<li data-start=\"1749\" data-end=\"1785\">Problemas digestivos funcionales<\/li>\n<li data-start=\"1786\" data-end=\"1823\">Lesiones musculares y articulares<\/li>\n<li data-start=\"1824\" data-end=\"1853\">Desequilibrios hormonales<\/li>\n<li data-start=\"1854\" data-end=\"1887\">Fatiga y sobrecarga emocional<\/li>\n<\/ul>\n<hr data-start=\"1889\" data-end=\"1892\" \/>\n<h2 data-start=\"1894\" data-end=\"1932\">Osteopat\u00eda y acupuntura en Marbella<\/h2>\n<p data-start=\"1934\" data-end=\"2097\">Nuestra consulta ofrece un enfoque combinado de <strong data-start=\"1982\" data-end=\"2021\">osteopat\u00eda y acupuntura en Marbella<\/strong>, lo que permite abordar el problema desde diferentes niveles del organismo.<\/p>\n<p data-start=\"2099\" data-end=\"2132\">Este enfoque integrativo ayuda a:<\/p>\n<ul data-start=\"2133\" data-end=\"2288\">\n<li data-start=\"2133\" data-end=\"2170\">Reducir el dolor de forma natural<\/li>\n<li data-start=\"2171\" data-end=\"2208\">Mejorar la movilidad y la postura<\/li>\n<li data-start=\"2209\" data-end=\"2240\">Regular el sistema nervioso<\/li>\n<li data-start=\"2241\" data-end=\"2288\">Favorecer la recuperaci\u00f3n global del cuerpo<\/li>\n<\/ul>\n<hr data-start=\"2290\" data-end=\"2293\" \/>\n<h2 data-start=\"2295\" data-end=\"2343\">Terapias naturales para el bienestar integral<\/h2>\n<p data-start=\"2345\" data-end=\"2434\">En OsteoFuengirola entendemos la salud como un estado de equilibrio entre cuerpo y mente.<\/p>\n<p data-start=\"2436\" data-end=\"2607\">Por eso aplicamos terapias que no solo tratan el s\u00edntoma, sino que buscan la causa del desequilibrio, ayudando al organismo a recuperarse de forma progresiva y sostenible.<\/p>\n<hr data-start=\"2609\" data-end=\"2612\" \/>\n<h2 data-start=\"2614\" data-end=\"2661\">Atenci\u00f3n cercana en Marbella y Costa del Sol<\/h2>\n<p data-start=\"2663\" data-end=\"2780\">Ofrecemos un espacio terap\u00e9utico cercano y profesional para pacientes de Marbella y toda la Costa del Sol que buscan:<\/p>\n<ul data-start=\"2782\" data-end=\"2948\">\n<li data-start=\"2782\" data-end=\"2821\">Tratamientos naturales sin f\u00e1rmacos<\/li>\n<li data-start=\"2822\" data-end=\"2857\">Terapias manuales y energ\u00e9ticas<\/li>\n<li data-start=\"2858\" data-end=\"2899\">Un enfoque personalizado y respetuoso<\/li>\n<li data-start=\"2900\" data-end=\"2948\">Mejora real del bienestar f\u00edsico y emocional<\/li>\n<\/ul>\n<hr data-start=\"2950\" data-end=\"2953\" \/>\n<h2 data-start=\"2955\" data-end=\"3009\">OsteoFuengirola \u2013 tu centro de terapias en Marbella<\/h2>\n<p data-start=\"3011\" data-end=\"3154\">Si buscas <strong data-start=\"3021\" data-end=\"3060\">osteopat\u00eda o acupuntura en Marbella<\/strong>, en OsteoFuengirola encontrar\u00e1s un enfoque integrativo, profesional y centrado en la persona.<\/p>\n<p data-start=\"3156\" data-end=\"3268\">Nuestro objetivo es acompa\u00f1arte en tu proceso de salud, ayudando a restaurar el equilibrio natural de tu cuerpo.<\/p>\n<\/div><\/section><\/div><\/p>","protected":false},"excerpt":{"rendered":"","protected":false},"author":6,"featured_media":0,"parent":0,"menu_order":0,"comment_status":"closed","ping_status":"closed","template":"","meta":{"footnotes":""},"class_list":["post-2325","page","type-page","status-publish","hentry"],"yoast_head":"<!-- This site is optimized with the Yoast SEO plugin v27.3 - https:\/\/yoast.com\/product\/yoast-seo-wordpress\/ -->\n<title>Osteopat\u00eda en Marbella y Costa del Sol - Osteofuengirola<\/title>\n<meta name=\"description\" content=\"Osteopat\u00eda y acupuntura en Marbella y Costa del Sol. Tratamientos personalizados para dolor, estr\u00e9s y bienestar integral en OsteoFuengirola.\" \/>\n<meta name=\"robots\" content=\"index, follow, max-snippet:-1, max-image-preview:large, max-video-preview:-1\" \/>\n<link rel=\"canonical\" href=\"https:\/\/www.osteofuengirola.pro\/en\/osteopatia-y-terapias-naturales-en-marbella-y-costa-del-sol\/\" \/>\n<meta property=\"og:locale\" content=\"en_GB\" \/>\n<meta property=\"og:type\" content=\"article\" \/>\n<meta property=\"og:title\" content=\"Osteopat\u00eda en Marbella y Costa del Sol - Osteofuengirola\" \/>\n<meta property=\"og:description\" content=\"Osteopat\u00eda y acupuntura en Marbella y Costa del Sol. Tratamientos personalizados para dolor, estr\u00e9s y bienestar integral en OsteoFuengirola.\" \/>\n<meta property=\"og:url\" content=\"https:\/\/www.osteofuengirola.pro\/en\/osteopatia-y-terapias-naturales-en-marbella-y-costa-del-sol\/\" \/>\n<meta property=\"og:site_name\" content=\"Osteofuengirola\" \/>\n<meta property=\"article:publisher\" content=\"https:\/\/www.facebook.com\/OsteoFuengirola\/\" \/>\n<meta property=\"article:modified_time\" content=\"2026-04-10T07:55:05+00:00\" \/>\n<meta name=\"twitter:card\" content=\"summary_large_image\" \/>\n<meta name=\"twitter:label1\" content=\"Est. reading time\" \/>\n\t<meta name=\"twitter:data1\" content=\"3 minutes\" \/>\n<script type=\"application\/ld+json\" class=\"yoast-schema-graph\">{\"@context\":\"https:\\\/\\\/schema.org\",\"@graph\":[{\"@type\":\"WebPage\",\"@id\":\"https:\\\/\\\/www.osteofuengirola.pro\\\/osteopatia-y-terapias-naturales-en-marbella-y-costa-del-sol\\\/\",\"url\":\"https:\\\/\\\/www.osteofuengirola.pro\\\/osteopatia-y-terapias-naturales-en-marbella-y-costa-del-sol\\\/\",\"name\":\"Osteopat\u00eda en Marbella y Costa del Sol - Osteofuengirola\",\"isPartOf\":{\"@id\":\"https:\\\/\\\/www.osteofuengirola.pro\\\/#website\"},\"datePublished\":\"2026-04-10T07:21:47+00:00\",\"dateModified\":\"2026-04-10T07:55:05+00:00\",\"description\":\"Osteopat\u00eda y acupuntura en Marbella y Costa del Sol. Tratamientos personalizados para dolor, estr\u00e9s y bienestar integral en OsteoFuengirola.\",\"breadcrumb\":{\"@id\":\"https:\\\/\\\/www.osteofuengirola.pro\\\/osteopatia-y-terapias-naturales-en-marbella-y-costa-del-sol\\\/#breadcrumb\"},\"inLanguage\":\"en-GB\",\"potentialAction\":[{\"@type\":\"ReadAction\",\"target\":[\"https:\\\/\\\/www.osteofuengirola.pro\\\/osteopatia-y-terapias-naturales-en-marbella-y-costa-del-sol\\\/\"]}]},{\"@type\":\"BreadcrumbList\",\"@id\":\"https:\\\/\\\/www.osteofuengirola.pro\\\/osteopatia-y-terapias-naturales-en-marbella-y-costa-del-sol\\\/#breadcrumb\",\"itemListElement\":[{\"@type\":\"ListItem\",\"position\":1,\"name\":\"Home\",\"item\":\"https:\\\/\\\/www.osteofuengirola.pro\\\/\"},{\"@type\":\"ListItem\",\"position\":2,\"name\":\"Osteopat\u00eda en Marbella y Costa del Sol\"}]},{\"@type\":\"WebSite\",\"@id\":\"https:\\\/\\\/www.osteofuengirola.pro\\\/#website\",\"url\":\"https:\\\/\\\/www.osteofuengirola.pro\\\/\",\"name\":\"Osteofuengirola\",\"description\":\"Centro de Osteopat\u00eda, acupuntura y terapia craneosacral\",\"publisher\":{\"@id\":\"https:\\\/\\\/www.osteofuengirola.pro\\\/#organization\"},\"potentialAction\":[{\"@type\":\"SearchAction\",\"target\":{\"@type\":\"EntryPoint\",\"urlTemplate\":\"https:\\\/\\\/www.osteofuengirola.pro\\\/?s={search_term_string}\"},\"query-input\":{\"@type\":\"PropertyValueSpecification\",\"valueRequired\":true,\"valueName\":\"search_term_string\"}}],\"inLanguage\":\"en-GB\"},{\"@type\":\"Organization\",\"@id\":\"https:\\\/\\\/www.osteofuengirola.pro\\\/#organization\",\"name\":\"Osteofuengiorola - Salvador Portillo\",\"url\":\"https:\\\/\\\/www.osteofuengirola.pro\\\/\",\"logo\":{\"@type\":\"ImageObject\",\"inLanguage\":\"en-GB\",\"@id\":\"https:\\\/\\\/www.osteofuengirola.pro\\\/#\\\/schema\\\/logo\\\/image\\\/\",\"url\":\"https:\\\/\\\/www.osteofuengirola.pro\\\/wp-content\\\/uploads\\\/2023\\\/05\\\/LOGOOSTEOFUENGIROLA.png\",\"contentUrl\":\"https:\\\/\\\/www.osteofuengirola.pro\\\/wp-content\\\/uploads\\\/2023\\\/05\\\/LOGOOSTEOFUENGIROLA.png\",\"width\":339,\"height\":138,\"caption\":\"Osteofuengiorola - Salvador Portillo\"},\"image\":{\"@id\":\"https:\\\/\\\/www.osteofuengirola.pro\\\/#\\\/schema\\\/logo\\\/image\\\/\"},\"sameAs\":[\"https:\\\/\\\/www.facebook.com\\\/OsteoFuengirola\\\/\",\"https:\\\/\\\/www.instagram.com\\\/osteofuengirola\\\/\"]}]}<\/script>\n<!-- \/ Yoast SEO plugin. -->","yoast_head_json":{"title":"Osteopat\u00eda en Marbella y Costa del Sol - Osteofuengirola","description":"Osteopat\u00eda y acupuntura en Marbella y Costa del Sol. Tratamientos personalizados para dolor, estr\u00e9s y bienestar integral en OsteoFuengirola.","robots":{"index":"index","follow":"follow","max-snippet":"max-snippet:-1","max-image-preview":"max-image-preview:large","max-video-preview":"max-video-preview:-1"},"canonical":"https:\/\/www.osteofuengirola.pro\/en\/osteopatia-y-terapias-naturales-en-marbella-y-costa-del-sol\/","og_locale":"en_GB","og_type":"article","og_title":"Osteopat\u00eda en Marbella y Costa del Sol - Osteofuengirola","og_description":"Osteopat\u00eda y acupuntura en Marbella y Costa del Sol. Tratamientos personalizados para dolor, estr\u00e9s y bienestar integral en OsteoFuengirola.","og_url":"https:\/\/www.osteofuengirola.pro\/en\/osteopatia-y-terapias-naturales-en-marbella-y-costa-del-sol\/","og_site_name":"Osteofuengirola","article_publisher":"https:\/\/www.facebook.com\/OsteoFuengirola\/","article_modified_time":"2026-04-10T07:55:05+00:00","twitter_card":"summary_large_image","twitter_misc":{"Est. reading time":"3 minutes"},"schema":{"@context":"https:\/\/schema.org","@graph":[{"@type":"WebPage","@id":"https:\/\/www.osteofuengirola.pro\/osteopatia-y-terapias-naturales-en-marbella-y-costa-del-sol\/","url":"https:\/\/www.osteofuengirola.pro\/osteopatia-y-terapias-naturales-en-marbella-y-costa-del-sol\/","name":"Osteopat\u00eda en Marbella y Costa del Sol - Osteofuengirola","isPartOf":{"@id":"https:\/\/www.osteofuengirola.pro\/#website"},"datePublished":"2026-04-10T07:21:47+00:00","dateModified":"2026-04-10T07:55:05+00:00","description":"Osteopat\u00eda y acupuntura en Marbella y Costa del Sol. Tratamientos personalizados para dolor, estr\u00e9s y bienestar integral en OsteoFuengirola.","breadcrumb":{"@id":"https:\/\/www.osteofuengirola.pro\/osteopatia-y-terapias-naturales-en-marbella-y-costa-del-sol\/#breadcrumb"},"inLanguage":"en-GB","potentialAction":[{"@type":"ReadAction","target":["https:\/\/www.osteofuengirola.pro\/osteopatia-y-terapias-naturales-en-marbella-y-costa-del-sol\/"]}]},{"@type":"BreadcrumbList","@id":"https:\/\/www.osteofuengirola.pro\/osteopatia-y-terapias-naturales-en-marbella-y-costa-del-sol\/#breadcrumb","itemListElement":[{"@type":"ListItem","position":1,"name":"Home","item":"https:\/\/www.osteofuengirola.pro\/"},{"@type":"ListItem","position":2,"name":"Osteopat\u00eda en Marbella y Costa del Sol"}]},{"@type":"WebSite","@id":"https:\/\/www.osteofuengirola.pro\/#website","url":"https:\/\/www.osteofuengirola.pro\/","name":"Osteopathy Fuengirola","description":"Centro de Osteopat\u00eda, acupuntura y terapia craneosacral","publisher":{"@id":"https:\/\/www.osteofuengirola.pro\/#organization"},"potentialAction":[{"@type":"SearchAction","target":{"@type":"EntryPoint","urlTemplate":"https:\/\/www.osteofuengirola.pro\/?s={search_term_string}"},"query-input":{"@type":"PropertyValueSpecification","valueRequired":true,"valueName":"search_term_string"}}],"inLanguage":"en-GB"},{"@type":"Organization","@id":"https:\/\/www.osteofuengirola.pro\/#organization","name":"Osteofuengiorola - Salvador Portillo","url":"https:\/\/www.osteofuengirola.pro\/","logo":{"@type":"ImageObject","inLanguage":"en-GB","@id":"https:\/\/www.osteofuengirola.pro\/#\/schema\/logo\/image\/","url":"https:\/\/www.osteofuengirola.pro\/wp-content\/uploads\/2023\/05\/LOGOOSTEOFUENGIROLA.png","contentUrl":"https:\/\/www.osteofuengirola.pro\/wp-content\/uploads\/2023\/05\/LOGOOSTEOFUENGIROLA.png","width":339,"height":138,"caption":"Osteofuengiorola - Salvador Portillo"},"image":{"@id":"https:\/\/www.osteofuengirola.pro\/#\/schema\/logo\/image\/"},"sameAs":["https:\/\/www.facebook.com\/OsteoFuengirola\/","https:\/\/www.instagram.com\/osteofuengirola\/"]}]}},"_links":{"self":[{"href":"https:\/\/www.osteofuengirola.pro\/en\/wp-json\/wp\/v2\/pages\/2325","targetHints":{"allow":["GET"]}}],"collection":[{"href":"https:\/\/www.osteofuengirola.pro\/en\/wp-json\/wp\/v2\/pages"}],"about":[{"href":"https:\/\/www.osteofuengirola.pro\/en\/wp-json\/wp\/v2\/types\/page"}],"author":[{"embeddable":true,"href":"https:\/\/www.osteofuengirola.pro\/en\/wp-json\/wp\/v2\/users\/6"}],"replies":[{"embeddable":true,"href":"https:\/\/www.osteofuengirola.pro\/en\/wp-json\/wp\/v2\/comments?post=2325"}],"version-history":[{"count":6,"href":"https:\/\/www.osteofuengirola.pro\/en\/wp-json\/wp\/v2\/pages\/2325\/revisions"}],"predecessor-version":[{"id":2336,"href":"https:\/\/www.osteofuengirola.pro\/en\/wp-json\/wp\/v2\/pages\/2325\/revisions\/2336"}],"wp:attachment":[{"href":"https:\/\/www.osteofuengirola.pro\/en\/wp-json\/wp\/v2\/media?parent=2325"}],"curies":[{"name":"wp","href":"https:\/\/api.w.org\/{rel}","templated":true}]}}