{"id":1823,"date":"2025-03-26T00:38:56","date_gmt":"2025-03-26T00:38:56","guid":{"rendered":"https:\/\/www.osteofuengirola.pro\/?page_id=1823"},"modified":"2025-11-18T19:04:20","modified_gmt":"2025-11-18T19:04:20","slug":"blog","status":"publish","type":"page","link":"https:\/\/www.osteofuengirola.pro\/en\/blog\/","title":{"rendered":"Osteofuengirola Blog"},"content":{"rendered":"<h1 class=\"wp-block-heading\">News and experiences at Osteofuengirola<\/h1>\n\n\n\n<p>At Osteofuengirola, we believe in constant learning. We're also committed to sharing all this new information. Every day, more and more people suffer. Discover our techniques and knowledge through the Osteofuengirola blog. Let us help you.<\/p>\n\n\n\n<div class=\"wp-block-query is-layout-flow wp-block-query-is-layout-flow\"><ul class=\"wp-block-post-template is-layout-flow wp-block-post-template-is-layout-flow\"><li class=\"wp-block-post post-2191 post type-post status-publish format-standard has-post-thumbnail hentry category-news author-salvador-portillo\">\n\n<div class=\"wp-block-columns alignwide is-layout-flex wp-container-core-columns-is-layout-9d6595d7 wp-block-columns-is-layout-flex\">\n<div class=\"wp-block-column is-layout-flow wp-block-column-is-layout-flow\" style=\"flex-basis:66.66%\"><figure class=\"wp-block-post-featured-image\"><a href=\"https:\/\/www.osteofuengirola.pro\/en\/craniosacral-therapy-complete-guide-to-this-gentle-manual-therapy\/\" target=\"_self\"  ><img decoding=\"async\" loading=\"lazy\" width=\"400\" height=\"250\" src=\"https:\/\/www.osteofuengirola.pro\/wp-content\/uploads\/2025\/09\/12.png\" class=\"wp-image-2156 avia-img-lazy-loading-2156 attachment-post-thumbnail size-post-thumbnail wp-post-image\" alt=\"Craniosacral Therapy: Complete Guide to This Gentle Manual Therapy\" style=\"object-fit:cover;\" srcset=\"https:\/\/www.osteofuengirola.pro\/wp-content\/uploads\/2025\/09\/12.png 400w, https:\/\/www.osteofuengirola.pro\/wp-content\/uploads\/2025\/09\/12-300x188.png 300w\" sizes=\"auto, (max-width: 400px) 100vw, 400px\" \/><\/a><\/figure><\/div>\n\n\n\n<div class=\"wp-block-column is-layout-flow wp-block-column-is-layout-flow\" style=\"flex-basis:33.33%\"><h2 class=\"wp-block-post-title\"><a href=\"https:\/\/www.osteofuengirola.pro\/en\/craniosacral-therapy-complete-guide-to-this-gentle-manual-therapy\/\" target=\"_self\" >Craniosacral Therapy: The Complete Guide to This Gentle Manual Therapy<\/a><\/h2>\n\n<div class=\"wp-block-post-excerpt\"><p class=\"wp-block-post-excerpt__excerpt\">In recent years, craniosacral therapy has gained recognition as one of the most effective and gentle manual therapies for treating a wide range of conditions, from chronic pain to stress-related disorders. This therapeutic approach, developed by osteopathic physician Dr. John E. Upledger, works with the body\u2019s natural healing mechanisms to restore balance and promote optimal\u2026 <\/p><\/div><\/div>\n<\/div>\n\n<\/li><li class=\"wp-block-post post-2189 post type-post status-publish format-standard has-post-thumbnail hentry category-news author-salvador-portillo\">\n\n<div class=\"wp-block-columns alignwide is-layout-flex wp-container-core-columns-is-layout-9d6595d7 wp-block-columns-is-layout-flex\">\n<div class=\"wp-block-column is-layout-flow wp-block-column-is-layout-flow\" style=\"flex-basis:66.66%\"><figure class=\"wp-block-post-featured-image\"><a href=\"https:\/\/www.osteofuengirola.pro\/en\/terapia-craneosacral-guia-completa-sobre-esta-terapia-manual-suave\/\" target=\"_self\"  ><img decoding=\"async\" loading=\"lazy\" width=\"400\" height=\"250\" src=\"https:\/\/www.osteofuengirola.pro\/wp-content\/uploads\/2025\/09\/12.png\" class=\"wp-image-2127 avia-img-lazy-loading-2127 attachment-post-thumbnail size-post-thumbnail wp-post-image\" alt=\"Terapia Craneosacral: Gu\u00eda Completa sobre esta Terapia Manual Suave\" style=\"object-fit:cover;\" srcset=\"https:\/\/www.osteofuengirola.pro\/wp-content\/uploads\/2025\/09\/12.png 400w, https:\/\/www.osteofuengirola.pro\/wp-content\/uploads\/2025\/09\/12-300x188.png 300w\" sizes=\"auto, (max-width: 400px) 100vw, 400px\" \/><\/a><\/figure><\/div>\n\n\n\n<div class=\"wp-block-column is-layout-flow wp-block-column-is-layout-flow\" style=\"flex-basis:33.33%\"><h2 class=\"wp-block-post-title\"><a href=\"https:\/\/www.osteofuengirola.pro\/en\/terapia-craneosacral-guia-completa-sobre-esta-terapia-manual-suave\/\" target=\"_self\" >Craniosacral Therapy: A Complete Guide to this Gentle Manual Therapy<\/a><\/h2>\n\n<div class=\"wp-block-post-excerpt\"><p class=\"wp-block-post-excerpt__excerpt\">In recent years, craniosacral therapy has gained recognition as one of the most effective and gentle manual therapies for treating a wide range of conditions, from chronic pain to stress-related disorders. This therapeutic approach, developed by osteopathic physician Dr. John E. Upledger, works with the natural mechanisms\u2026 <\/p><\/div><\/div>\n<\/div>\n\n<\/li><li class=\"wp-block-post post-2185 post type-post status-publish format-standard has-post-thumbnail hentry category-news author-salvador-portillo\">\n\n<div class=\"wp-block-columns alignwide is-layout-flex wp-container-core-columns-is-layout-9d6595d7 wp-block-columns-is-layout-flex\">\n<div class=\"wp-block-column is-layout-flow wp-block-column-is-layout-flow\" style=\"flex-basis:66.66%\"><figure class=\"wp-block-post-featured-image\"><a href=\"https:\/\/www.osteofuengirola.pro\/en\/osteopathy-and-acupuncture-in-fuengirola-complementary-treatments-for-your-well-being\/\" target=\"_self\"  ><img decoding=\"async\" loading=\"lazy\" width=\"400\" height=\"250\" src=\"https:\/\/www.osteofuengirola.pro\/wp-content\/uploads\/2025\/09\/11.png\" class=\"wp-image-2158 avia-img-lazy-loading-2158 attachment-post-thumbnail size-post-thumbnail wp-post-image\" alt=\"Osteopathy and Acupuncture in Fuengirola: Complementary Treatments for Your Well-being\" style=\"object-fit:cover;\" srcset=\"https:\/\/www.osteofuengirola.pro\/wp-content\/uploads\/2025\/09\/11.png 400w, https:\/\/www.osteofuengirola.pro\/wp-content\/uploads\/2025\/09\/11-300x188.png 300w\" sizes=\"auto, (max-width: 400px) 100vw, 400px\" \/><\/a><\/figure><\/div>\n\n\n\n<div class=\"wp-block-column is-layout-flow wp-block-column-is-layout-flow\" style=\"flex-basis:33.33%\"><h2 class=\"wp-block-post-title\"><a href=\"https:\/\/www.osteofuengirola.pro\/en\/osteopathy-and-acupuncture-in-fuengirola-complementary-treatments-for-your-well-being\/\" target=\"_self\" >Osteopathy and Acupuncture in Fuengirola: Complementary Treatments for Your Well-being<\/a><\/h2>\n\n<div class=\"wp-block-post-excerpt\"><p class=\"wp-block-post-excerpt__excerpt\">On the Costa del Sol, an increasing number of people are seeking natural and effective alternatives to improve their health and quality of life. At Osteofuengirola, a specialised centre located in the heart of Fuengirola, we combine two ancient therapies recognised for their efficacy: osteopathy and acupuncture. Both techniques, based on a holistic approach to the\u2026 <\/p><\/div><\/div>\n<\/div>\n\n<\/li><\/ul>\n\n\n<hr class=\"wp-block-separator has-alpha-channel-opacity\"\/>\n\n\n<nav class=\"wp-block-query-pagination is-horizontal is-content-justification-center is-nowrap is-layout-flex wp-container-core-query-pagination-is-layout-fc65f29c wp-block-query-pagination-is-layout-flex\" aria-label=\"Pagination\">\n\n\n<div class=\"wp-block-query-pagination-numbers\"><span aria-current=\"page\" class=\"page-numbers current\">1<\/span>\n<a class=\"page-numbers\" href=\"?query-12-page=2\">2<\/a>\n<a class=\"page-numbers\" href=\"?query-12-page=3\">3<\/a>\n<span class=\"page-numbers dots\">&hellip;<\/span>\n<a class=\"page-numbers\" href=\"?query-12-page=6\">6<\/a><\/div>\n\n<a href=\"\/en\/wp-json\/wp\/v2\/pages\/1823?query-12-page=2\" class=\"wp-block-query-pagination-next\">Next Page<span class='wp-block-query-pagination-next-arrow is-arrow-chevron' aria-hidden='true'>\u00bb<\/span><\/a>\n<\/nav><\/div>\n\n\n\n                \n                    <!--begin code -->\n\n                    \n                    <div class=\"pp-multiple-authors-boxes-wrapper pp-multiple-authors-wrapper pp-multiple-authors-layout-centered multiple-authors-target-shortcode box-post-id-1838 box-instance-id-1 ppma_boxes_1838\"\n                    data-post_id=\"1838\"\n                    data-instance_id=\"1\"\n                    data-additional_class=\"pp-multiple-authors-layout-centered.multiple-authors-target-shortcode\"\n                    data-original_class=\"pp-multiple-authors-boxes-wrapper pp-multiple-authors-wrapper box-post-id-1838 box-instance-id-1\">\n                                                                                    <h2 class=\"widget-title box-header-title\">Author<\/h2>\n                                                                            <span class=\"ppma-layout-prefix\"><\/span>\n                        <div class=\"ppma-author-category-wrap\">\n                                                                                                                                    <span class=\"ppma-category-group ppma-category-group-1 category-index-0\">\n                                                                                                                        <ul class=\"pp-multiple-authors-boxes-ul author-ul-0\">\n                                                                                                                                                                                                                                                                                                                                                                                                                                                                                                                                                                    \n                                                                                                                    <li class=\"pp-multiple-authors-boxes-li author_index_0 author_portillo has-avatar\">\n                                                                                                                                                                                    <div class=\"pp-author-boxes-avatar\">\n                                                                    <div class=\"avatar-image\">\n                                                                                                                                                                                                                <img alt='Salvador Portillo' src='https:\/\/www.osteofuengirola.pro\/wp-content\/uploads\/2025\/03\/Imagen-de-WhatsApp-2024-11-28-a-las-18.38.11_c2a179da.png' srcset='https:\/\/www.osteofuengirola.pro\/wp-content\/uploads\/2025\/03\/Imagen-de-WhatsApp-2024-11-28-a-las-18.38.11_c2a179da.png 2x' class='avatar avatar-80 photo avatar-default' height='80' width='80' \/>                                                                                                                                                                                                            <\/div>\n                                                                                                                                    <\/div>\n                                                            \n                                                            <div class=\"pp-author-boxes-avatar-details\">\n                                                                <div class=\"pp-author-boxes-name multiple-authors-name\"><a href=\"https:\/\/www.osteofuengirola.pro\/en\/author\/portillo\/\" rel=\"author\" title=\"Salvador Portillo\" class=\"author url fn\">Salvador Portillo<\/a><\/div>                                                                                                                                                                                                    \n                                                                                                                                            <div class=\"pp-author-boxes-description multiple-authors-description author-description-0\">\n                                                                                                                                                                                                                                                                                                    <\/div>\n                                                                                                                                                                                                    \n                                                                                                                                    <span class=\"pp-author-boxes-meta multiple-authors-links\">\n                                                                        <a href=\"https:\/\/www.osteofuengirola.pro\/en\/author\/portillo\/\" title=\"View all entries\">\n                                                                            <span>View all entries<\/span>\n                                                                        <\/a>\n                                                                    <\/span>\n                                                                                                                                <a class=\"ppma-author-user_email-profile-data ppma-author-field-meta ppma-author-field-type-email\" aria-label=\"Email\" href=\"mailto:info@osteofuengirola.pro\"  target=\"_self\"><span class=\"dashicons dashicons-email-alt\"><\/span> <\/a>\n                                                                                                                            <\/div>\n                                                                                                                                                                                                                        <\/li>\n                                                                                                                                                                                                                                                                                        <\/ul>\n                                                                            <\/span>\n                                                                                                                        <\/div>\n                        <span class=\"ppma-layout-suffix\"><\/span>\n                                            <\/div>\n                    <!--end code -->","protected":false},"excerpt":{"rendered":"<p>Noticias y experiencias en Osteofuengirola En Osteofuengirola confiamos en un constante aprendizaje. Tambien apostamos por compartir toda esta nueva informaci\u00f3n. Cada d\u00eda son m\u00e1s las personas que sufren. Descubre gracias al blog de Osteofuengirola nuestras t\u00e9cnicas y conocimientos. Dejamos ayudarte<\/p>","protected":false},"author":2,"featured_media":0,"parent":0,"menu_order":0,"comment_status":"closed","ping_status":"closed","template":"","meta":{"footnotes":""},"class_list":["post-1823","page","type-page","status-publish","hentry"],"yoast_head":"<!-- This site is optimized with the Yoast SEO plugin v27.3 - https:\/\/yoast.com\/product\/yoast-seo-wordpress\/ -->\n<title>Blog de Osteofuengirola - Osteofuengirola<\/title>\n<meta name=\"robots\" content=\"index, follow, max-snippet:-1, max-image-preview:large, max-video-preview:-1\" \/>\n<link rel=\"canonical\" href=\"https:\/\/www.osteofuengirola.pro\/en\/blog\/\" \/>\n<link rel=\"next\" href=\"https:\/\/www.osteofuengirola.pro\/blog\/1823?query-12-page=2\" \/>\n<meta property=\"og:locale\" content=\"en_GB\" \/>\n<meta property=\"og:type\" content=\"article\" \/>\n<meta property=\"og:title\" content=\"Blog de Osteofuengirola - Osteofuengirola\" \/>\n<meta property=\"og:description\" content=\"Noticias y experiencias en Osteofuengirola En Osteofuengirola confiamos en un constante aprendizaje. Tambien apostamos por compartir toda esta nueva informaci\u00f3n. Cada d\u00eda son m\u00e1s las personas que sufren. Descubre gracias al blog de Osteofuengirola nuestras t\u00e9cnicas y conocimientos. Dejamos ayudarte\" \/>\n<meta property=\"og:url\" content=\"https:\/\/www.osteofuengirola.pro\/en\/blog\/\" \/>\n<meta property=\"og:site_name\" content=\"Osteofuengirola\" \/>\n<meta property=\"article:publisher\" content=\"https:\/\/www.facebook.com\/OsteoFuengirola\/\" \/>\n<meta property=\"article:modified_time\" content=\"2025-11-18T19:04:20+00:00\" \/>\n<meta name=\"twitter:card\" content=\"summary_large_image\" \/>\n<meta name=\"twitter:label1\" content=\"Est. reading time\" \/>\n\t<meta name=\"twitter:data1\" content=\"1 minute\" \/>\n<script type=\"application\/ld+json\" class=\"yoast-schema-graph\">{\"@context\":\"https:\\\/\\\/schema.org\",\"@graph\":[{\"@type\":\"WebPage\",\"@id\":\"https:\\\/\\\/www.osteofuengirola.pro\\\/blog\\\/\",\"url\":\"https:\\\/\\\/www.osteofuengirola.pro\\\/blog\\\/\",\"name\":\"Blog de Osteofuengirola - Osteofuengirola\",\"isPartOf\":{\"@id\":\"https:\\\/\\\/www.osteofuengirola.pro\\\/#website\"},\"datePublished\":\"2025-03-26T00:38:56+00:00\",\"dateModified\":\"2025-11-18T19:04:20+00:00\",\"breadcrumb\":{\"@id\":\"https:\\\/\\\/www.osteofuengirola.pro\\\/blog\\\/#breadcrumb\"},\"inLanguage\":\"en-GB\",\"potentialAction\":[{\"@type\":\"ReadAction\",\"target\":[\"https:\\\/\\\/www.osteofuengirola.pro\\\/blog\\\/\"]}]},{\"@type\":\"BreadcrumbList\",\"@id\":\"https:\\\/\\\/www.osteofuengirola.pro\\\/blog\\\/#breadcrumb\",\"itemListElement\":[{\"@type\":\"ListItem\",\"position\":1,\"name\":\"Home\",\"item\":\"https:\\\/\\\/www.osteofuengirola.pro\\\/\"},{\"@type\":\"ListItem\",\"position\":2,\"name\":\"Blog de Osteofuengirola\"}]},{\"@type\":\"WebSite\",\"@id\":\"https:\\\/\\\/www.osteofuengirola.pro\\\/#website\",\"url\":\"https:\\\/\\\/www.osteofuengirola.pro\\\/\",\"name\":\"Osteofuengirola\",\"description\":\"Centro de Osteopat\u00eda, acupuntura y terapia craneosacral\",\"publisher\":{\"@id\":\"https:\\\/\\\/www.osteofuengirola.pro\\\/#organization\"},\"potentialAction\":[{\"@type\":\"SearchAction\",\"target\":{\"@type\":\"EntryPoint\",\"urlTemplate\":\"https:\\\/\\\/www.osteofuengirola.pro\\\/?s={search_term_string}\"},\"query-input\":{\"@type\":\"PropertyValueSpecification\",\"valueRequired\":true,\"valueName\":\"search_term_string\"}}],\"inLanguage\":\"en-GB\"},{\"@type\":\"Organization\",\"@id\":\"https:\\\/\\\/www.osteofuengirola.pro\\\/#organization\",\"name\":\"Osteofuengiorola - Salvador Portillo\",\"url\":\"https:\\\/\\\/www.osteofuengirola.pro\\\/\",\"logo\":{\"@type\":\"ImageObject\",\"inLanguage\":\"en-GB\",\"@id\":\"https:\\\/\\\/www.osteofuengirola.pro\\\/#\\\/schema\\\/logo\\\/image\\\/\",\"url\":\"https:\\\/\\\/www.osteofuengirola.pro\\\/wp-content\\\/uploads\\\/2023\\\/05\\\/LOGOOSTEOFUENGIROLA.png\",\"contentUrl\":\"https:\\\/\\\/www.osteofuengirola.pro\\\/wp-content\\\/uploads\\\/2023\\\/05\\\/LOGOOSTEOFUENGIROLA.png\",\"width\":339,\"height\":138,\"caption\":\"Osteofuengiorola - Salvador Portillo\"},\"image\":{\"@id\":\"https:\\\/\\\/www.osteofuengirola.pro\\\/#\\\/schema\\\/logo\\\/image\\\/\"},\"sameAs\":[\"https:\\\/\\\/www.facebook.com\\\/OsteoFuengirola\\\/\",\"https:\\\/\\\/www.instagram.com\\\/osteofuengirola\\\/\"]}]}<\/script>\n<!-- \/ Yoast SEO plugin. -->","yoast_head_json":{"title":"Blog de Osteofuengirola - Osteofuengirola","robots":{"index":"index","follow":"follow","max-snippet":"max-snippet:-1","max-image-preview":"max-image-preview:large","max-video-preview":"max-video-preview:-1"},"canonical":"https:\/\/www.osteofuengirola.pro\/en\/blog\/","next":"https:\/\/www.osteofuengirola.pro\/blog\/1823?query-12-page=2","og_locale":"en_GB","og_type":"article","og_title":"Blog de Osteofuengirola - Osteofuengirola","og_description":"Noticias y experiencias en Osteofuengirola En Osteofuengirola confiamos en un constante aprendizaje. Tambien apostamos por compartir toda esta nueva informaci\u00f3n. Cada d\u00eda son m\u00e1s las personas que sufren. Descubre gracias al blog de Osteofuengirola nuestras t\u00e9cnicas y conocimientos. Dejamos ayudarte","og_url":"https:\/\/www.osteofuengirola.pro\/en\/blog\/","og_site_name":"Osteofuengirola","article_publisher":"https:\/\/www.facebook.com\/OsteoFuengirola\/","article_modified_time":"2025-11-18T19:04:20+00:00","twitter_card":"summary_large_image","twitter_misc":{"Est. reading time":"1 minute"},"schema":{"@context":"https:\/\/schema.org","@graph":[{"@type":"WebPage","@id":"https:\/\/www.osteofuengirola.pro\/blog\/","url":"https:\/\/www.osteofuengirola.pro\/blog\/","name":"Blog de Osteofuengirola - Osteofuengirola","isPartOf":{"@id":"https:\/\/www.osteofuengirola.pro\/#website"},"datePublished":"2025-03-26T00:38:56+00:00","dateModified":"2025-11-18T19:04:20+00:00","breadcrumb":{"@id":"https:\/\/www.osteofuengirola.pro\/blog\/#breadcrumb"},"inLanguage":"en-GB","potentialAction":[{"@type":"ReadAction","target":["https:\/\/www.osteofuengirola.pro\/blog\/"]}]},{"@type":"BreadcrumbList","@id":"https:\/\/www.osteofuengirola.pro\/blog\/#breadcrumb","itemListElement":[{"@type":"ListItem","position":1,"name":"Home","item":"https:\/\/www.osteofuengirola.pro\/"},{"@type":"ListItem","position":2,"name":"Blog de Osteofuengirola"}]},{"@type":"WebSite","@id":"https:\/\/www.osteofuengirola.pro\/#website","url":"https:\/\/www.osteofuengirola.pro\/","name":"Osteopathy Fuengirola","description":"Centro de Osteopat\u00eda, acupuntura y terapia craneosacral","publisher":{"@id":"https:\/\/www.osteofuengirola.pro\/#organization"},"potentialAction":[{"@type":"SearchAction","target":{"@type":"EntryPoint","urlTemplate":"https:\/\/www.osteofuengirola.pro\/?s={search_term_string}"},"query-input":{"@type":"PropertyValueSpecification","valueRequired":true,"valueName":"search_term_string"}}],"inLanguage":"en-GB"},{"@type":"Organization","@id":"https:\/\/www.osteofuengirola.pro\/#organization","name":"Osteofuengiorola - Salvador Portillo","url":"https:\/\/www.osteofuengirola.pro\/","logo":{"@type":"ImageObject","inLanguage":"en-GB","@id":"https:\/\/www.osteofuengirola.pro\/#\/schema\/logo\/image\/","url":"https:\/\/www.osteofuengirola.pro\/wp-content\/uploads\/2023\/05\/LOGOOSTEOFUENGIROLA.png","contentUrl":"https:\/\/www.osteofuengirola.pro\/wp-content\/uploads\/2023\/05\/LOGOOSTEOFUENGIROLA.png","width":339,"height":138,"caption":"Osteofuengiorola - Salvador Portillo"},"image":{"@id":"https:\/\/www.osteofuengirola.pro\/#\/schema\/logo\/image\/"},"sameAs":["https:\/\/www.facebook.com\/OsteoFuengirola\/","https:\/\/www.instagram.com\/osteofuengirola\/"]}]}},"_links":{"self":[{"href":"https:\/\/www.osteofuengirola.pro\/en\/wp-json\/wp\/v2\/pages\/1823","targetHints":{"allow":["GET"]}}],"collection":[{"href":"https:\/\/www.osteofuengirola.pro\/en\/wp-json\/wp\/v2\/pages"}],"about":[{"href":"https:\/\/www.osteofuengirola.pro\/en\/wp-json\/wp\/v2\/types\/page"}],"author":[{"embeddable":true,"href":"https:\/\/www.osteofuengirola.pro\/en\/wp-json\/wp\/v2\/users\/2"}],"replies":[{"embeddable":true,"href":"https:\/\/www.osteofuengirola.pro\/en\/wp-json\/wp\/v2\/comments?post=1823"}],"version-history":[{"count":14,"href":"https:\/\/www.osteofuengirola.pro\/en\/wp-json\/wp\/v2\/pages\/1823\/revisions"}],"predecessor-version":[{"id":2134,"href":"https:\/\/www.osteofuengirola.pro\/en\/wp-json\/wp\/v2\/pages\/1823\/revisions\/2134"}],"wp:attachment":[{"href":"https:\/\/www.osteofuengirola.pro\/en\/wp-json\/wp\/v2\/media?parent=1823"}],"curies":[{"name":"wp","href":"https:\/\/api.w.org\/{rel}","templated":true}]}}